{"id":640,"date":"2016-06-24T11:51:19","date_gmt":"2016-06-24T11:51:19","guid":{"rendered":"https:\/\/ioha.org\/?page_id=640"},"modified":"2026-03-19T05:31:50","modified_gmt":"2026-03-19T05:31:50","slug":"revista","status":"publish","type":"page","link":"https:\/\/ioha.org\/es\/journal\/","title":{"rendered":"Revista"},"content":{"rendered":"<div class=\"inherit-container-width wp-block-group alignfull page-hero has-ast-global-color-3-color has-ast-global-color-7-background-color has-text-color has-background is-layout-constrained wp-block-group-is-layout-constrained\"><div class=\"wp-block-group__inner-container\">\n<div class=\"wp-block-group alignwide is-layout-constrained wp-container-core-group-is-layout-cdd6da8f wp-block-group-is-layout-constrained\"><div class=\"wp-block-group__inner-container\">\n<div class=\"wp-block-media-text alignfull has-media-on-the-right has-ast-global-color-7-background-color has-background\"><div class=\"wp-block-media-text__content\">\n<p class=\"has-medium-font-size\">REVISTA<\/p>\n\n\n\n<h2 class=\"wp-block-heading has-ast-global-color-1-color has-text-color\" id=\"memory-and-narration-1\"><strong>Palabras y Silencios<\/strong><\/h2>\n\n\n\n<p><\/p>\n\n\n\n<h3 class=\"wp-block-heading has-ast-global-color-3-color has-text-color\" id=\"memory-and-narration-1\" style=\"font-size:18px\">N\u00famero actual: <\/h3>\n\n\n\n<h3 class=\"wp-block-heading has-ast-global-color-3-color has-text-color has-medium-font-size\" id=\"memory-and-narration-1\">La historia oral en un mundo digital y audiovisual<\/h3>\n\n\n\n<p><\/p>\n\n\n\n<div class=\"wp-block-buttons is-layout-flex wp-block-buttons-is-layout-flex\">\n<div class=\"wp-block-button is-style-fill\"><a class=\"wp-block-button__link has-ast-global-color-5-color has-ast-global-color-1-background-color has-text-color has-background wp-element-button\" href=\"https:\/\/ioha.org\/es\/revista\/tema\/digital-y-audiovisual\/\">LEER EL N\u00daMERO ACTUAL<\/a><\/div>\n<\/div>\n<\/div><figure class=\"wp-block-media-text__media\"><img loading=\"lazy\" decoding=\"async\" width=\"824\" height=\"601\" src=\"https:\/\/ioha.org\/wp-content\/uploads\/2018\/08\/logo_ioha_words_and_silences.jpg\" alt=\"Palabras y silencios - Revista de la Asociaci\u00f3n Internacional de Historia Oral\" class=\"wp-image-2002 size-full\" srcset=\"https:\/\/ioha.org\/wp-content\/uploads\/2018\/08\/logo_ioha_words_and_silences.jpg 824w, https:\/\/ioha.org\/wp-content\/uploads\/2018\/08\/logo_ioha_words_and_silences-300x219.jpg 300w, https:\/\/ioha.org\/wp-content\/uploads\/2018\/08\/logo_ioha_words_and_silences-768x560.jpg 768w\" sizes=\"auto, (max-width: 824px) 100vw, 824px\" \/><\/figure><\/div>\n<\/div><\/div>\n<\/div><\/div>\n\n\n\n<div style=\"height:100px\" aria-hidden=\"true\" class=\"wp-block-spacer\"><\/div>\n\n\n\n<div class=\"wp-block-columns is-layout-flex wp-container-core-columns-is-layout-28f84493 wp-block-columns-is-layout-flex\">\n<div class=\"wp-block-column is-layout-flow wp-block-column-is-layout-flow\" style=\"flex-basis:33.33%\">\n<h2 class=\"wp-block-heading\" id=\"about-the-journal\"><strong>Sobre la revista<\/strong><\/h2>\n<\/div>\n\n\n\n<div class=\"wp-block-column is-layout-flow wp-block-column-is-layout-flow\" style=\"flex-basis:66.66%\">\n<p><em>Words and Silences \/ Palabras y Silencios<\/em> es la revista de edici\u00f3n digital de la Asociaci\u00f3n Internacional de Historia Oral. Incluye art\u00edculos de una amplia gama de disciplinas y es un medio para que la comunidad profesional comparta proyectos y tendencias actuales de la historia oral de todo el mundo.<\/p>\n\n\n\n<p>En l\u00ednea ISSN 2222-4181<\/p>\n\n\n\n<p><a href=\"https:\/\/ioha.org\/es\/revista\/equipo-de-redaccion\/\">Equipo de redacci\u00f3n<\/a><\/p>\n<\/div>\n<\/div>\n\n\n\n<hr class=\"wp-block-separator has-css-opacity is-style-wide\"\/>\n\n\n\n<div class=\"wp-block-columns is-layout-flex wp-container-core-columns-is-layout-28f84493 wp-block-columns-is-layout-flex\">\n<div class=\"wp-block-column is-layout-flow wp-block-column-is-layout-flow\" style=\"flex-basis:33.33%\">\n<h2 class=\"wp-block-heading\" id=\"recent-articles\"><strong>Art\u00edculos recientes<\/strong><\/h2>\n<\/div>\n\n\n\n<div class=\"wp-block-column is-layout-flow wp-block-column-is-layout-flow\" style=\"flex-basis:66.66%\">    <div class=\"journal-article-list-item\">\n        <div>\n    <h3><a href=\"https:\/\/ioha.org\/es\/journal\/articles\/9-creative-solutions-found-to-allow-online-access-to-the-university-of-alaska-fairbanks-oral-history-collection\/\">Soluciones creativas para permitir el acceso en l\u00ednea a la Colecci\u00f3n de Historia Oral de la Universidad de Alaska Fairbanks<\/a><\/h3>\n    <div><strong>Leslie Joan McCartney<\/strong><\/div><\/div>\n          <a href=\"\/es\/?p=4595\" class=\"pdf-link\" target=\"_blank\"><span class=\"dashicons dashicons-pdf\"><\/span><\/a>\n      <\/div><hr>\n       <div class=\"journal-article-list-item\">\n        <div>\n    <h3><a href=\"https:\/\/ioha.org\/es\/journal\/articles\/7-the-role-of-narrator-compensation-in-the-case-for-reparations-and-restitution\/\">El papel de la indemnizaci\u00f3n del narrador en el caso de las reparaciones y la restituci\u00f3n<\/a><\/h3>\n    <div><strong>Alissa Rae Funderburk y Fanny Julissa Garcia<\/strong><\/div><\/div>\n          <a href=\"\/es\/?p=4535\" class=\"pdf-link\" target=\"_blank\"><span class=\"dashicons dashicons-pdf\"><\/span><\/a>\n      <\/div><hr>\n       <div class=\"journal-article-list-item\">\n        <div>\n    <h3><a href=\"https:\/\/ioha.org\/es\/journal\/articles\/8-i-have-that-clip-here-the-spectre-of-digital-media-in-the-construction-and-narration-of-life-histories\/\">\"\u00a1Tengo ese clip aqu\u00ed!\": El espectro de los medios digitales en la construcci\u00f3n y narraci\u00f3n de historias de vida<\/a><\/h3>\n    <div><strong>Elizabeth Visser<\/strong><\/div><\/div>\n          <a href=\"\/es\/?p=4536\" class=\"pdf-link\" target=\"_blank\"><span class=\"dashicons dashicons-pdf\"><\/span><\/a>\n      <\/div><hr>\n       <div class=\"journal-article-list-item\">\n        <div>\n    <h3><a href=\"https:\/\/ioha.org\/es\/journal\/articles\/6-quietly-queer-and-chinese-remembered-dialogues-and-affective-worldmaking-in-sydney\/\">Quietly Queer and Chinese: Di\u00e1logos recordados y creaci\u00f3n de mundos afectivos en Sydney<\/a><\/h3>\n    <div><strong>Joseph Black<\/strong><\/div><\/div>\n          <a href=\"\/es\/?p=4534\" class=\"pdf-link\" target=\"_blank\"><span class=\"dashicons dashicons-pdf\"><\/span><\/a>\n      <\/div><hr>\n       <div class=\"journal-article-list-item\">\n        <div>\n    <h3><a href=\"https:\/\/ioha.org\/es\/journal\/articles\/5-performing-oral-history-in-collaboration-with-black-lgbtq-artists\/\">Interpretaci\u00f3n de la historia oral en colaboraci\u00f3n con artistas LGBTQ negros<\/a><\/h3>\n    <div><strong>Joseph Plaster<\/strong><\/div><\/div>\n          <a href=\"\/es\/?p=4533\" class=\"pdf-link\" target=\"_blank\"><span class=\"dashicons dashicons-pdf\"><\/span><\/a>\n      <\/div><hr>\n   \n  <div class=\"wp-block-button is-style-outline\">\n    <a class=\"wp-block-button__link\" href=\"https:\/\/ioha.org\/es\/journal\/issue\/digital-and-audiovisual\/\">M\u00c1S DE LA EDICI\u00d3N ACTUAL<\/a>\n  <\/div>\n\n  <\/div>\n<\/div>\n\n\n\n<hr class=\"wp-block-separator has-css-opacity is-style-wide\"\/>\n\n\n\n<div class=\"wp-block-columns is-layout-flex wp-container-core-columns-is-layout-28f84493 wp-block-columns-is-layout-flex\">\n<div class=\"wp-block-column is-layout-flow wp-block-column-is-layout-flow\" style=\"flex-basis:33.33%\">\n<h2 class=\"wp-block-heading\" id=\"past-issues\"><strong>N\u00fameros anteriores<\/strong><\/h2>\n<\/div>\n\n\n\n<div class=\"wp-block-column is-layout-flow wp-block-column-is-layout-flow\" style=\"flex-basis:66.66%\"><h3><a href=\"https:\/\/ioha.org\/es\/journal\/issue\/oral-history-and-space\/\">Historia oral y espacio (2022)<\/a><\/h3><h3><a href=\"https:\/\/ioha.org\/es\/journal\/issue\/harmony-and-disharmony\/\">Armon\u00eda y desarmon\u00eda: Selecciones de la XXI Conferencia de la IOHA (2023)<\/a><\/h3><h3><a href=\"https:\/\/ioha.org\/es\/journal\/issue\/digital-and-audiovisual\/\">La historia oral en un mundo digital y audiovisual (2025)<\/a><\/h3><h3><a href=\"https:\/\/ioha.org\/es\/journal\/issue\/memory-and-narration\/\">Memoria y Narraci\u00f3n (2019)<\/a><\/h3><h3><a href=\"https:\/\/ioha.org\/es\/journal\/issue\/oral-history-and-emotions\/\">Historia Oral y Emociones (2018)<\/a><\/h3><h3><a href=\"https:\/\/ioha.org\/es\/journal\/issue\/new-digital-edition\/\">Nueva Edici\u00f3n Digital (2015)<\/a><\/h3><h3><a href=\"https:\/\/ioha.org\/es\/journal\/issue\/collaboration\/\">Colaborar (2012)<\/a><\/h3><h3><a href=\"https:\/\/ioha.org\/es\/journal\/issue\/the-workings-of-oral-history\/\">Los Trabajos de la Historia Oral (2011)<\/a><\/h3><h3><a href=\"https:\/\/ioha.org\/es\/journal\/issue\/transition-issue\/\">N\u00famero de transici\u00f3n (2011)<\/a><\/h3><h3><a href=\"https:\/\/ioha.org\/es\/journal\/issue\/oral-history-and-the-experience-of-politics\/\">Historia oral y la experiencia de la pol\u00edtica (2003)<\/a><\/h3><\/div>\n<\/div>\n\n\n\n<hr class=\"wp-block-separator has-css-opacity is-style-wide\"\/>\n\n\n\n<div class=\"wp-block-columns is-layout-flex wp-container-core-columns-is-layout-28f84493 wp-block-columns-is-layout-flex\">\n<div class=\"wp-block-column is-layout-flow wp-block-column-is-layout-flow\" style=\"flex-basis:33.33%\">\n<h2 class=\"wp-block-heading\" id=\"article-submissions\"><strong>Env\u00edo de art\u00edculos<\/strong><\/h2>\n<\/div>\n\n\n\n<div class=\"wp-block-column is-layout-flow wp-block-column-is-layout-flow\" style=\"flex-basis:66.66%\">\n<p>El equipo editorial de Palabras y Silencios est\u00e1 interesado en art\u00edculos relacionados con la metodolog\u00eda, las pr\u00e1cticas, la teor\u00eda y los proyectos de historia oral. Nuestro objetivo es proporcionar un espacio para que los historiadores orales y los profesionales de la historia oral compartan proyectos y tendencias actuales con la comunidad internacional. <\/p>\n\n\n\n<p>Ya est\u00e1 abierta la convocatoria de propuestas para el pr\u00f3ximo n\u00famero de la Revista IOHA. V\u00e9ase <a href=\"https:\/\/ioha.org\/es\/2026-convocatoria-de-presentacion-de-articulos-y-resenasswords-silencios-palabras-silenciosas\/\">esta p\u00e1gina<\/a> para m\u00e1s detalles.<\/p>\n\n\n\n<div class=\"wp-block-buttons is-layout-flex wp-block-buttons-is-layout-flex\">\n<div class=\"wp-block-button is-style-outline is-style-outline--1\"><a class=\"wp-block-button__link wp-element-button\" href=\"https:\/\/ioha.org\/es\/revista\/directrices-de-presentacion\/\">DIRECTRICES DE PRESENTACI\u00d3N <\/a><\/div>\n\n\n\n<div class=\"wp-block-button is-style-outline is-style-outline--2\"><a class=\"wp-block-button__link wp-element-button\" href=\"https:\/\/ioha.org\/es\/revista\/proceso-editorial\/\">PROCESO EDITORIAL<\/a><\/div>\n<\/div>\n<\/div>\n<\/div>\n\n\n\n<p><\/p>","protected":false},"excerpt":{"rendered":"","protected":false},"author":43,"featured_media":0,"parent":0,"menu_order":0,"comment_status":"closed","ping_status":"closed","template":"","meta":{"_acf_changed":false,"site-sidebar-layout":"default","site-content-layout":"","ast-site-content-layout":"normal-width-container","site-content-style":"default","site-sidebar-style":"default","ast-global-header-display":"","ast-banner-title-visibility":"","ast-main-header-display":"","ast-hfb-above-header-display":"","ast-hfb-below-header-display":"","ast-hfb-mobile-header-display":"","site-post-title":"disabled","ast-breadcrumbs-content":"","ast-featured-img":"","footer-sml-layout":"","ast-disable-related-posts":"","theme-transparent-header-meta":"","adv-header-id-meta":"","stick-header-meta":"","header-above-stick-meta":"","header-main-stick-meta":"","header-below-stick-meta":"","astra-migrate-meta-layouts":"set","ast-page-background-enabled":"default","ast-page-background-meta":{"desktop":{"background-color":"var(--ast-global-color-4)","background-image":"","background-repeat":"repeat","background-position":"center center","background-size":"auto","background-attachment":"scroll","background-type":"","background-media":"","overlay-type":"","overlay-color":"","overlay-opacity":"","overlay-gradient":""},"tablet":{"background-color":"","background-image":"","background-repeat":"repeat","background-position":"center center","background-size":"auto","background-attachment":"scroll","background-type":"","background-media":"","overlay-type":"","overlay-color":"","overlay-opacity":"","overlay-gradient":""},"mobile":{"background-color":"","background-image":"","background-repeat":"repeat","background-position":"center center","background-size":"auto","background-attachment":"scroll","background-type":"","background-media":"","overlay-type":"","overlay-color":"","overlay-opacity":"","overlay-gradient":""}},"ast-content-background-meta":{"desktop":{"background-color":"var(--ast-global-color-5)","background-image":"","background-repeat":"repeat","background-position":"center center","background-size":"auto","background-attachment":"scroll","background-type":"","background-media":"","overlay-type":"","overlay-color":"","overlay-opacity":"","overlay-gradient":""},"tablet":{"background-color":"var(--ast-global-color-5)","background-image":"","background-repeat":"repeat","background-position":"center center","background-size":"auto","background-attachment":"scroll","background-type":"","background-media":"","overlay-type":"","overlay-color":"","overlay-opacity":"","overlay-gradient":""},"mobile":{"background-color":"var(--ast-global-color-5)","background-image":"","background-repeat":"repeat","background-position":"center center","background-size":"auto","background-attachment":"scroll","background-type":"","background-media":"","overlay-type":"","overlay-color":"","overlay-opacity":"","overlay-gradient":""}},"footnotes":""},"class_list":["post-640","page","type-page","status-publish","hentry"],"acf":[],"yoast_head":"<!-- This site is optimized with the Yoast SEO plugin v27.3 - https:\/\/yoast.com\/product\/yoast-seo-wordpress\/ -->\n<title>IOHA Journal - International Oral History Association<\/title>\n<meta name=\"robots\" content=\"index, follow, max-snippet:-1, max-image-preview:large, max-video-preview:-1\" \/>\n<link rel=\"canonical\" href=\"https:\/\/ioha.org\/es\/revista\/\" \/>\n<meta property=\"og:locale\" content=\"es_ES\" \/>\n<meta property=\"og:type\" content=\"article\" \/>\n<meta property=\"og:title\" content=\"IOHA Journal - International Oral History Association\" \/>\n<meta property=\"og:description\" content=\"IOHA JOURNAL Words and Silences Current Issue: Oral history in a digital and audiovisual world About the Journal Words and Silences \/ Palabras y Silencios is the Digital Edition Journal of the International Oral History Association. It includes articles from a wide range of disciplines and is a means for the professional community to share [&hellip;]\" \/>\n<meta property=\"og:url\" content=\"https:\/\/ioha.org\/es\/revista\/\" \/>\n<meta property=\"og:site_name\" content=\"International Oral History Association\" \/>\n<meta property=\"article:publisher\" content=\"https:\/\/www.facebook.com\/people\/IOHA-International-Oral-History-Association\/61552554031622\/\" \/>\n<meta property=\"article:modified_time\" content=\"2026-03-19T05:31:50+00:00\" \/>\n<meta property=\"og:image\" content=\"https:\/\/ioha.org\/wp-content\/uploads\/2018\/08\/logo_ioha_words_and_silences.jpg\" \/>\n\t<meta property=\"og:image:width\" content=\"824\" \/>\n\t<meta property=\"og:image:height\" content=\"601\" \/>\n\t<meta property=\"og:image:type\" content=\"image\/jpeg\" \/>\n<meta name=\"twitter:card\" content=\"summary_large_image\" \/>\n<meta name=\"twitter:label1\" content=\"Tiempo de lectura\" \/>\n\t<meta name=\"twitter:data1\" content=\"1 minuto\" \/>\n<script type=\"application\/ld+json\" class=\"yoast-schema-graph\">{\"@context\":\"https:\\\/\\\/schema.org\",\"@graph\":[{\"@type\":\"WebPage\",\"@id\":\"https:\\\/\\\/ioha.org\\\/journal\\\/\",\"url\":\"https:\\\/\\\/ioha.org\\\/journal\\\/\",\"name\":\"IOHA Journal - International Oral History Association\",\"isPartOf\":{\"@id\":\"https:\\\/\\\/ioha.org\\\/#website\"},\"primaryImageOfPage\":{\"@id\":\"https:\\\/\\\/ioha.org\\\/journal\\\/#primaryimage\"},\"image\":{\"@id\":\"https:\\\/\\\/ioha.org\\\/journal\\\/#primaryimage\"},\"thumbnailUrl\":\"https:\\\/\\\/ioha.org\\\/wp-content\\\/uploads\\\/2018\\\/08\\\/logo_ioha_words_and_silences.jpg\",\"datePublished\":\"2016-06-24T11:51:19+00:00\",\"dateModified\":\"2026-03-19T05:31:50+00:00\",\"breadcrumb\":{\"@id\":\"https:\\\/\\\/ioha.org\\\/journal\\\/#breadcrumb\"},\"inLanguage\":\"es\",\"potentialAction\":[{\"@type\":\"ReadAction\",\"target\":[\"https:\\\/\\\/ioha.org\\\/journal\\\/\"]}]},{\"@type\":\"ImageObject\",\"inLanguage\":\"es\",\"@id\":\"https:\\\/\\\/ioha.org\\\/journal\\\/#primaryimage\",\"url\":\"https:\\\/\\\/ioha.org\\\/wp-content\\\/uploads\\\/2018\\\/08\\\/logo_ioha_words_and_silences.jpg\",\"contentUrl\":\"https:\\\/\\\/ioha.org\\\/wp-content\\\/uploads\\\/2018\\\/08\\\/logo_ioha_words_and_silences.jpg\"},{\"@type\":\"BreadcrumbList\",\"@id\":\"https:\\\/\\\/ioha.org\\\/journal\\\/#breadcrumb\",\"itemListElement\":[{\"@type\":\"ListItem\",\"position\":1,\"name\":\"Home\",\"item\":\"https:\\\/\\\/ioha.org\\\/\"},{\"@type\":\"ListItem\",\"position\":2,\"name\":\"IOHA Journal\"}]},{\"@type\":\"WebSite\",\"@id\":\"https:\\\/\\\/ioha.org\\\/#website\",\"url\":\"https:\\\/\\\/ioha.org\\\/\",\"name\":\"International Oral History Association\",\"description\":\"IOHA\",\"publisher\":{\"@id\":\"https:\\\/\\\/ioha.org\\\/#organization\"},\"potentialAction\":[{\"@type\":\"SearchAction\",\"target\":{\"@type\":\"EntryPoint\",\"urlTemplate\":\"https:\\\/\\\/ioha.org\\\/?s={search_term_string}\"},\"query-input\":{\"@type\":\"PropertyValueSpecification\",\"valueRequired\":true,\"valueName\":\"search_term_string\"}}],\"inLanguage\":\"es\"},{\"@type\":\"Organization\",\"@id\":\"https:\\\/\\\/ioha.org\\\/#organization\",\"name\":\"International Oral History Association\",\"alternateName\":\"IOHA\",\"url\":\"https:\\\/\\\/ioha.org\\\/\",\"logo\":{\"@type\":\"ImageObject\",\"inLanguage\":\"es\",\"@id\":\"https:\\\/\\\/ioha.org\\\/#\\\/schema\\\/logo\\\/image\\\/\",\"url\":\"https:\\\/\\\/ioha.org\\\/wp-content\\\/uploads\\\/2022\\\/02\\\/ioha-logo.png\",\"contentUrl\":\"https:\\\/\\\/ioha.org\\\/wp-content\\\/uploads\\\/2022\\\/02\\\/ioha-logo.png\",\"width\":500,\"height\":500,\"caption\":\"International Oral History Association\"},\"image\":{\"@id\":\"https:\\\/\\\/ioha.org\\\/#\\\/schema\\\/logo\\\/image\\\/\"},\"sameAs\":[\"https:\\\/\\\/www.facebook.com\\\/people\\\/IOHA-International-Oral-History-Association\\\/61552554031622\\\/\"]}]}<\/script>\n<!-- \/ Yoast SEO plugin. -->","yoast_head_json":{"title":"IOHA Journal - Asociaci\u00f3n Internacional de Historia Oral","robots":{"index":"index","follow":"follow","max-snippet":"max-snippet:-1","max-image-preview":"max-image-preview:large","max-video-preview":"max-video-preview:-1"},"canonical":"https:\/\/ioha.org\/es\/revista\/","og_locale":"es_ES","og_type":"article","og_title":"IOHA Journal - International Oral History Association","og_description":"IOHA JOURNAL Words and Silences Current Issue: Oral history in a digital and audiovisual world About the Journal Words and Silences \/ Palabras y Silencios is the Digital Edition Journal of the International Oral History Association. It includes articles from a wide range of disciplines and is a means for the professional community to share [&hellip;]","og_url":"https:\/\/ioha.org\/es\/revista\/","og_site_name":"International Oral History Association","article_publisher":"https:\/\/www.facebook.com\/people\/IOHA-International-Oral-History-Association\/61552554031622\/","article_modified_time":"2026-03-19T05:31:50+00:00","og_image":[{"width":824,"height":601,"url":"https:\/\/ioha.org\/wp-content\/uploads\/2018\/08\/logo_ioha_words_and_silences.jpg","type":"image\/jpeg"}],"twitter_card":"summary_large_image","twitter_misc":{"Tiempo de lectura":"1 minuto"},"schema":{"@context":"https:\/\/schema.org","@graph":[{"@type":"WebPage","@id":"https:\/\/ioha.org\/journal\/","url":"https:\/\/ioha.org\/journal\/","name":"IOHA Journal - Asociaci\u00f3n Internacional de Historia Oral","isPartOf":{"@id":"https:\/\/ioha.org\/#website"},"primaryImageOfPage":{"@id":"https:\/\/ioha.org\/journal\/#primaryimage"},"image":{"@id":"https:\/\/ioha.org\/journal\/#primaryimage"},"thumbnailUrl":"https:\/\/ioha.org\/wp-content\/uploads\/2018\/08\/logo_ioha_words_and_silences.jpg","datePublished":"2016-06-24T11:51:19+00:00","dateModified":"2026-03-19T05:31:50+00:00","breadcrumb":{"@id":"https:\/\/ioha.org\/journal\/#breadcrumb"},"inLanguage":"es","potentialAction":[{"@type":"ReadAction","target":["https:\/\/ioha.org\/journal\/"]}]},{"@type":"ImageObject","inLanguage":"es","@id":"https:\/\/ioha.org\/journal\/#primaryimage","url":"https:\/\/ioha.org\/wp-content\/uploads\/2018\/08\/logo_ioha_words_and_silences.jpg","contentUrl":"https:\/\/ioha.org\/wp-content\/uploads\/2018\/08\/logo_ioha_words_and_silences.jpg"},{"@type":"BreadcrumbList","@id":"https:\/\/ioha.org\/journal\/#breadcrumb","itemListElement":[{"@type":"ListItem","position":1,"name":"Home","item":"https:\/\/ioha.org\/"},{"@type":"ListItem","position":2,"name":"IOHA Journal"}]},{"@type":"WebSite","@id":"https:\/\/ioha.org\/#website","url":"https:\/\/ioha.org\/","name":"Asociaci\u00f3n Internacional de Historia Oral","description":"IOHA","publisher":{"@id":"https:\/\/ioha.org\/#organization"},"potentialAction":[{"@type":"SearchAction","target":{"@type":"EntryPoint","urlTemplate":"https:\/\/ioha.org\/?s={search_term_string}"},"query-input":{"@type":"PropertyValueSpecification","valueRequired":true,"valueName":"search_term_string"}}],"inLanguage":"es"},{"@type":"Organization","@id":"https:\/\/ioha.org\/#organization","name":"Asociaci\u00f3n Internacional de Historia Oral","alternateName":"IOHA","url":"https:\/\/ioha.org\/","logo":{"@type":"ImageObject","inLanguage":"es","@id":"https:\/\/ioha.org\/#\/schema\/logo\/image\/","url":"https:\/\/ioha.org\/wp-content\/uploads\/2022\/02\/ioha-logo.png","contentUrl":"https:\/\/ioha.org\/wp-content\/uploads\/2022\/02\/ioha-logo.png","width":500,"height":500,"caption":"International Oral History Association"},"image":{"@id":"https:\/\/ioha.org\/#\/schema\/logo\/image\/"},"sameAs":["https:\/\/www.facebook.com\/people\/IOHA-International-Oral-History-Association\/61552554031622\/"]}]}},"_links":{"self":[{"href":"https:\/\/ioha.org\/es\/wp-json\/wp\/v2\/pages\/640","targetHints":{"allow":["GET"]}}],"collection":[{"href":"https:\/\/ioha.org\/es\/wp-json\/wp\/v2\/pages"}],"about":[{"href":"https:\/\/ioha.org\/es\/wp-json\/wp\/v2\/types\/page"}],"author":[{"embeddable":true,"href":"https:\/\/ioha.org\/es\/wp-json\/wp\/v2\/users\/43"}],"replies":[{"embeddable":true,"href":"https:\/\/ioha.org\/es\/wp-json\/wp\/v2\/comments?post=640"}],"version-history":[{"count":11,"href":"https:\/\/ioha.org\/es\/wp-json\/wp\/v2\/pages\/640\/revisions"}],"predecessor-version":[{"id":4592,"href":"https:\/\/ioha.org\/es\/wp-json\/wp\/v2\/pages\/640\/revisions\/4592"}],"wp:attachment":[{"href":"https:\/\/ioha.org\/es\/wp-json\/wp\/v2\/media?parent=640"}],"curies":[{"name":"wp","href":"https:\/\/api.w.org\/{rel}","templated":true}]}}