{"id":3540,"date":"2022-03-01T19:05:58","date_gmt":"2022-03-01T19:05:58","guid":{"rendered":"https:\/\/ioha.org\/?page_id=3540"},"modified":"2022-04-02T14:32:18","modified_gmt":"2022-04-02T14:32:18","slug":"proceso-editorial","status":"publish","type":"page","link":"https:\/\/ioha.org\/es\/journal\/editorial-process\/","title":{"rendered":"Responsabilidad y proceso editorial"},"content":{"rendered":"<h2 class=\"wp-block-heading\">Resumen de la revista<\/h2>\n\n\n\n<p><em>Words and Silences\/Palabras y Silencios<\/em> es la revista de edici\u00f3n digital de la Asociaci\u00f3n Internacional de Historia Oral. Las contribuciones provienen de una amplia gama de disciplinas. La revista es un medio para que la comunidad de historia oral comparta proyectos y tendencias actuales de historia oral de todo el mundo. Publica investigaciones, estudios de caso, art\u00edculos de trabajos en curso, desarrollos tecnol\u00f3gicos y discursos y presentaciones de congresos, entre otros contenidos. Se aceptan env\u00edos en ingl\u00e9s y espa\u00f1ol.<\/p>\n\n\n\n<p>Los n\u00fameros\/vol\u00famenes de la revista suelen seguir un tema. Los n\u00fameros posteriores a la conferencia seguir\u00e1n el tema de la conferencia m\u00e1s reciente. La edici\u00f3n digital de la revista est\u00e1 registrada en el Centro Internacional del ISSN como ISSN 2222-4181.<\/p>\n\n\n\n<h2 class=\"wp-block-heading\">Responsabilidad editorial<\/h2>\n\n\n\n<p><em>Palabras y Silencios <\/em>es una revista en l\u00ednea con responsabilidad editorial, autopublicada por la IOHA. El equipo editorial multiling\u00fce y voluntario de la revista, apoyado por el Consejo de la IOHA, cree en el esp\u00edritu del acceso abierto y el intercambio de conocimientos. La revista no est\u00e1 actualmente afiliada a ninguna editorial oficial.<\/p>\n\n\n\n<h2 class=\"wp-block-heading\">Proceso editorial<\/h2>\n\n\n\n<p>Los colaboradores de la redacci\u00f3n son un grupo de profesionales de la historia oral y acad\u00e9micos. En su versi\u00f3n actual, seguimos un proceso sencillo de revisi\u00f3n editorial y control de calidad, que incluye la revisi\u00f3n por pares de todos los art\u00edculos presentados. El primer paso es una revisi\u00f3n inicial realizada por los coeditores de ingl\u00e9s y espa\u00f1ol. La revisi\u00f3n previa tiene en cuenta las siguientes cuestiones:<\/p>\n\n\n\n<ul class=\"wp-block-list\"><li>\u00bfSe ajusta el art\u00edculo al objetivo y al \u00e1mbito de la revista y ser\u00e1 de inter\u00e9s para los miembros de la IOHA?<\/li><li>\u00bfQu\u00e9 lugar ocupa la historia oral en el debate?&nbsp;<\/li><li>\u00bfEs el art\u00edculo de calidad publicable (por ejemplo, sigue un formato, incluye citas\/documentaci\u00f3n sustancial, en general es legible o requiere m\u00e1s trabajo?)<\/li><li>\u00bfPuede el autor verificar el permiso de uso de las im\u00e1genes\/ilustraciones y se atribuyen los cr\u00e9ditos correspondientes?<\/li><li>\u00bfSe ha publicado el art\u00edculo en otro lugar?&nbsp;<\/li><\/ul>\n\n\n\n<p>*<em>Los editores est\u00e1n dispuestos a colaborar con los autores que deseen incluir su trabajo sin derechos de autor sin que est\u00e9 bajo la licencia de otra editorial, con el fin de incluir un art\u00edculo o una presentaci\u00f3n en la revista de la IOHA por diversas razones, por ejemplo, para conectar un estudio de caso, un proyecto o un debate con un tema espec\u00edfico; para reconsiderar o actualizar un debate publicado anteriormente; para invitar a los asociados de la IOHA a hacer comentarios.&nbsp;<\/em><\/p>\n\n\n\n<p>La revisi\u00f3n previa de cada env\u00edo inicialmente aceptado da lugar al proceso de asignaci\u00f3n de una revisi\u00f3n por pares m\u00e1s profunda por parte de uno de nuestros editores asociados . Esto dar\u00e1 lugar a una de las siguientes decisiones por parte de los coeditores:<\/p>\n\n\n\n<ul class=\"wp-block-list\"><li>Aceptar, sin revisiones<\/li><li>Aceptar con peque\u00f1as revisiones<\/li><li>Aceptar con revisiones importantes (los editores pueden pedir a los autores que lleven a cabo su propia edici\u00f3n o traducci\u00f3n exhaustiva)<\/li><li>Rechazar con comentarios<\/li><\/ul>\n\n\n\n<p>Los art\u00edculos aceptados pasar\u00e1n por un proceso editorial m\u00e1s exhaustivo para preparar los art\u00edculos para su inclusi\u00f3n final en la edici\u00f3n en l\u00ednea. Este proceso incluye:<\/p>\n\n\n\n<ul class=\"wp-block-list\"><li>Revisi\u00f3n y correcci\u00f3n de textos<\/li><li>Revisi\u00f3n de citas y referencias<\/li><li>Reformateo por cuestiones de coherencia<\/li><li>Tras la revisi\u00f3n final, todos los art\u00edculos deben pasar por un proceso de traducci\u00f3n que traduce los art\u00edculos en ingl\u00e9s al espa\u00f1ol y los art\u00edculos en espa\u00f1ol al ingl\u00e9s. Los estatutos de la IOHA establecen que el contenido publicado debe estar disponible en ambos idiomas.<\/li><\/ul>\n\n\n\n<h2 class=\"wp-block-heading\">Publicaci\u00f3n peri\u00f3dica<\/h2>\n\n\n\n<p>Con el fin de fomentar un compromiso regular con nuestros miembros y la comunidad, a partir de 2022 la revista publicar\u00e1 art\u00edculos de forma continua. Esto significa que los art\u00edculos, aunque est\u00e9n relacionados con el mismo n\u00famero tem\u00e1tico, no se publicar\u00e1n todos a la vez, sino a medida que est\u00e9n listos.&nbsp;<\/p>\n\n\n\n<h2 class=\"wp-block-heading\">Atribuci\u00f3n y derechos<\/h2>\n\n\n\n<p>Los colaboradores\/autores conservan los derechos de su art\u00edculo y conceden a la revista el derecho a publicarlo bajo una Licencia de Atribuci\u00f3n de Creative Commons, lo que significa que otros pueden compartir el trabajo con un reconocimiento de la autor\u00eda del trabajo Y su publicaci\u00f3n en esta revista. Es responsabilidad del autor-contribuyente asegurarse de que su trabajo no est\u00e1 registrado por ninguna otra entidad antes de compartirlo con <em>Palabras y silencios.&nbsp;<\/em><\/p>","protected":false},"excerpt":{"rendered":"","protected":false},"author":141,"featured_media":0,"parent":640,"menu_order":0,"comment_status":"closed","ping_status":"closed","template":"","meta":{"_acf_changed":false,"site-sidebar-layout":"right-sidebar","site-content-layout":"","ast-site-content-layout":"default","site-content-style":"default","site-sidebar-style":"default","ast-global-header-display":"","ast-banner-title-visibility":"","ast-main-header-display":"","ast-hfb-above-header-display":"","ast-hfb-below-header-display":"","ast-hfb-mobile-header-display":"","site-post-title":"","ast-breadcrumbs-content":"","ast-featured-img":"","footer-sml-layout":"","ast-disable-related-posts":"","theme-transparent-header-meta":"","adv-header-id-meta":"","stick-header-meta":"","header-above-stick-meta":"","header-main-stick-meta":"","header-below-stick-meta":"","astra-migrate-meta-layouts":"default","ast-page-background-enabled":"default","ast-page-background-meta":{"desktop":{"background-color":"var(--ast-global-color-4)","background-image":"","background-repeat":"repeat","background-position":"center center","background-size":"auto","background-attachment":"scroll","background-type":"","background-media":"","overlay-type":"","overlay-color":"","overlay-opacity":"","overlay-gradient":""},"tablet":{"background-color":"","background-image":"","background-repeat":"repeat","background-position":"center center","background-size":"auto","background-attachment":"scroll","background-type":"","background-media":"","overlay-type":"","overlay-color":"","overlay-opacity":"","overlay-gradient":""},"mobile":{"background-color":"","background-image":"","background-repeat":"repeat","background-position":"center center","background-size":"auto","background-attachment":"scroll","background-type":"","background-media":"","overlay-type":"","overlay-color":"","overlay-opacity":"","overlay-gradient":""}},"ast-content-background-meta":{"desktop":{"background-color":"var(--ast-global-color-5)","background-image":"","background-repeat":"repeat","background-position":"center center","background-size":"auto","background-attachment":"scroll","background-type":"","background-media":"","overlay-type":"","overlay-color":"","overlay-opacity":"","overlay-gradient":""},"tablet":{"background-color":"var(--ast-global-color-5)","background-image":"","background-repeat":"repeat","background-position":"center center","background-size":"auto","background-attachment":"scroll","background-type":"","background-media":"","overlay-type":"","overlay-color":"","overlay-opacity":"","overlay-gradient":""},"mobile":{"background-color":"var(--ast-global-color-5)","background-image":"","background-repeat":"repeat","background-position":"center center","background-size":"auto","background-attachment":"scroll","background-type":"","background-media":"","overlay-type":"","overlay-color":"","overlay-opacity":"","overlay-gradient":""}},"footnotes":""},"class_list":["post-3540","page","type-page","status-publish","hentry"],"acf":[],"yoast_head":"<!-- This site is optimized with the Yoast SEO plugin v27.3 - https:\/\/yoast.com\/product\/yoast-seo-wordpress\/ -->\n<title>Editorial Responsibility and Process - International Oral History Association<\/title>\n<meta name=\"robots\" content=\"index, follow, max-snippet:-1, max-image-preview:large, max-video-preview:-1\" \/>\n<link rel=\"canonical\" href=\"https:\/\/ioha.org\/es\/revista\/proceso-editorial\/\" \/>\n<meta property=\"og:locale\" content=\"es_ES\" \/>\n<meta property=\"og:type\" content=\"article\" \/>\n<meta property=\"og:title\" content=\"Editorial Responsibility and Process - International Oral History Association\" \/>\n<meta property=\"og:description\" content=\"Overview of the Journal Words and Silences\/Palabras y Silencios is the Digital Edition Journal of the International Oral History Association. Contributions are from a wide range of disciplines. The journal is a means for the oral history community to share projects and current trends of oral history from around the world. It publishes research, case [&hellip;]\" \/>\n<meta property=\"og:url\" content=\"https:\/\/ioha.org\/es\/revista\/proceso-editorial\/\" \/>\n<meta property=\"og:site_name\" content=\"International Oral History Association\" \/>\n<meta property=\"article:publisher\" content=\"https:\/\/www.facebook.com\/people\/IOHA-International-Oral-History-Association\/61552554031622\/\" \/>\n<meta property=\"article:modified_time\" content=\"2022-04-02T14:32:18+00:00\" \/>\n<meta name=\"twitter:card\" content=\"summary_large_image\" \/>\n<meta name=\"twitter:label1\" content=\"Tiempo de lectura\" \/>\n\t<meta name=\"twitter:data1\" content=\"3 minutos\" \/>\n<script type=\"application\/ld+json\" class=\"yoast-schema-graph\">{\"@context\":\"https:\\\/\\\/schema.org\",\"@graph\":[{\"@type\":\"WebPage\",\"@id\":\"https:\\\/\\\/ioha.org\\\/journal\\\/editorial-process\\\/\",\"url\":\"https:\\\/\\\/ioha.org\\\/journal\\\/editorial-process\\\/\",\"name\":\"Editorial Responsibility and Process - International Oral History Association\",\"isPartOf\":{\"@id\":\"https:\\\/\\\/ioha.org\\\/#website\"},\"datePublished\":\"2022-03-01T19:05:58+00:00\",\"dateModified\":\"2022-04-02T14:32:18+00:00\",\"breadcrumb\":{\"@id\":\"https:\\\/\\\/ioha.org\\\/journal\\\/editorial-process\\\/#breadcrumb\"},\"inLanguage\":\"es\",\"potentialAction\":[{\"@type\":\"ReadAction\",\"target\":[\"https:\\\/\\\/ioha.org\\\/journal\\\/editorial-process\\\/\"]}]},{\"@type\":\"BreadcrumbList\",\"@id\":\"https:\\\/\\\/ioha.org\\\/journal\\\/editorial-process\\\/#breadcrumb\",\"itemListElement\":[{\"@type\":\"ListItem\",\"position\":1,\"name\":\"Home\",\"item\":\"https:\\\/\\\/ioha.org\\\/\"},{\"@type\":\"ListItem\",\"position\":2,\"name\":\"IOHA Journal\",\"item\":\"https:\\\/\\\/ioha.org\\\/journal\\\/\"},{\"@type\":\"ListItem\",\"position\":3,\"name\":\"Editorial Responsibility and Process\"}]},{\"@type\":\"WebSite\",\"@id\":\"https:\\\/\\\/ioha.org\\\/#website\",\"url\":\"https:\\\/\\\/ioha.org\\\/\",\"name\":\"International Oral History Association\",\"description\":\"IOHA\",\"publisher\":{\"@id\":\"https:\\\/\\\/ioha.org\\\/#organization\"},\"potentialAction\":[{\"@type\":\"SearchAction\",\"target\":{\"@type\":\"EntryPoint\",\"urlTemplate\":\"https:\\\/\\\/ioha.org\\\/?s={search_term_string}\"},\"query-input\":{\"@type\":\"PropertyValueSpecification\",\"valueRequired\":true,\"valueName\":\"search_term_string\"}}],\"inLanguage\":\"es\"},{\"@type\":\"Organization\",\"@id\":\"https:\\\/\\\/ioha.org\\\/#organization\",\"name\":\"International Oral History Association\",\"alternateName\":\"IOHA\",\"url\":\"https:\\\/\\\/ioha.org\\\/\",\"logo\":{\"@type\":\"ImageObject\",\"inLanguage\":\"es\",\"@id\":\"https:\\\/\\\/ioha.org\\\/#\\\/schema\\\/logo\\\/image\\\/\",\"url\":\"https:\\\/\\\/ioha.org\\\/wp-content\\\/uploads\\\/2022\\\/02\\\/ioha-logo.png\",\"contentUrl\":\"https:\\\/\\\/ioha.org\\\/wp-content\\\/uploads\\\/2022\\\/02\\\/ioha-logo.png\",\"width\":500,\"height\":500,\"caption\":\"International Oral History Association\"},\"image\":{\"@id\":\"https:\\\/\\\/ioha.org\\\/#\\\/schema\\\/logo\\\/image\\\/\"},\"sameAs\":[\"https:\\\/\\\/www.facebook.com\\\/people\\\/IOHA-International-Oral-History-Association\\\/61552554031622\\\/\"]}]}<\/script>\n<!-- \/ Yoast SEO plugin. -->","yoast_head_json":{"title":"Responsabilidad y proceso editorial - Asociaci\u00f3n Internacional de Historia Oral","robots":{"index":"index","follow":"follow","max-snippet":"max-snippet:-1","max-image-preview":"max-image-preview:large","max-video-preview":"max-video-preview:-1"},"canonical":"https:\/\/ioha.org\/es\/revista\/proceso-editorial\/","og_locale":"es_ES","og_type":"article","og_title":"Editorial Responsibility and Process - International Oral History Association","og_description":"Overview of the Journal Words and Silences\/Palabras y Silencios is the Digital Edition Journal of the International Oral History Association. Contributions are from a wide range of disciplines. The journal is a means for the oral history community to share projects and current trends of oral history from around the world. It publishes research, case [&hellip;]","og_url":"https:\/\/ioha.org\/es\/revista\/proceso-editorial\/","og_site_name":"International Oral History Association","article_publisher":"https:\/\/www.facebook.com\/people\/IOHA-International-Oral-History-Association\/61552554031622\/","article_modified_time":"2022-04-02T14:32:18+00:00","twitter_card":"summary_large_image","twitter_misc":{"Tiempo de lectura":"3 minutos"},"schema":{"@context":"https:\/\/schema.org","@graph":[{"@type":"WebPage","@id":"https:\/\/ioha.org\/journal\/editorial-process\/","url":"https:\/\/ioha.org\/journal\/editorial-process\/","name":"Responsabilidad y proceso editorial - Asociaci\u00f3n Internacional de Historia Oral","isPartOf":{"@id":"https:\/\/ioha.org\/#website"},"datePublished":"2022-03-01T19:05:58+00:00","dateModified":"2022-04-02T14:32:18+00:00","breadcrumb":{"@id":"https:\/\/ioha.org\/journal\/editorial-process\/#breadcrumb"},"inLanguage":"es","potentialAction":[{"@type":"ReadAction","target":["https:\/\/ioha.org\/journal\/editorial-process\/"]}]},{"@type":"BreadcrumbList","@id":"https:\/\/ioha.org\/journal\/editorial-process\/#breadcrumb","itemListElement":[{"@type":"ListItem","position":1,"name":"Home","item":"https:\/\/ioha.org\/"},{"@type":"ListItem","position":2,"name":"IOHA Journal","item":"https:\/\/ioha.org\/journal\/"},{"@type":"ListItem","position":3,"name":"Editorial Responsibility and Process"}]},{"@type":"WebSite","@id":"https:\/\/ioha.org\/#website","url":"https:\/\/ioha.org\/","name":"Asociaci\u00f3n Internacional de Historia Oral","description":"IOHA","publisher":{"@id":"https:\/\/ioha.org\/#organization"},"potentialAction":[{"@type":"SearchAction","target":{"@type":"EntryPoint","urlTemplate":"https:\/\/ioha.org\/?s={search_term_string}"},"query-input":{"@type":"PropertyValueSpecification","valueRequired":true,"valueName":"search_term_string"}}],"inLanguage":"es"},{"@type":"Organization","@id":"https:\/\/ioha.org\/#organization","name":"Asociaci\u00f3n Internacional de Historia Oral","alternateName":"IOHA","url":"https:\/\/ioha.org\/","logo":{"@type":"ImageObject","inLanguage":"es","@id":"https:\/\/ioha.org\/#\/schema\/logo\/image\/","url":"https:\/\/ioha.org\/wp-content\/uploads\/2022\/02\/ioha-logo.png","contentUrl":"https:\/\/ioha.org\/wp-content\/uploads\/2022\/02\/ioha-logo.png","width":500,"height":500,"caption":"International Oral History Association"},"image":{"@id":"https:\/\/ioha.org\/#\/schema\/logo\/image\/"},"sameAs":["https:\/\/www.facebook.com\/people\/IOHA-International-Oral-History-Association\/61552554031622\/"]}]}},"_links":{"self":[{"href":"https:\/\/ioha.org\/es\/wp-json\/wp\/v2\/pages\/3540","targetHints":{"allow":["GET"]}}],"collection":[{"href":"https:\/\/ioha.org\/es\/wp-json\/wp\/v2\/pages"}],"about":[{"href":"https:\/\/ioha.org\/es\/wp-json\/wp\/v2\/types\/page"}],"author":[{"embeddable":true,"href":"https:\/\/ioha.org\/es\/wp-json\/wp\/v2\/users\/141"}],"replies":[{"embeddable":true,"href":"https:\/\/ioha.org\/es\/wp-json\/wp\/v2\/comments?post=3540"}],"version-history":[{"count":0,"href":"https:\/\/ioha.org\/es\/wp-json\/wp\/v2\/pages\/3540\/revisions"}],"up":[{"embeddable":true,"href":"https:\/\/ioha.org\/es\/wp-json\/wp\/v2\/pages\/640"}],"wp:attachment":[{"href":"https:\/\/ioha.org\/es\/wp-json\/wp\/v2\/media?parent=3540"}],"curies":[{"name":"wp","href":"https:\/\/api.w.org\/{rel}","templated":true}]}}