{"id":3165,"date":"2022-02-09T14:18:36","date_gmt":"2022-02-09T14:18:36","guid":{"rendered":"https:\/\/ioha.org\/?page_id=3165"},"modified":"2025-01-18T21:55:43","modified_gmt":"2025-01-18T21:55:43","slug":"premios-y-becas","status":"publish","type":"page","link":"https:\/\/ioha.org\/es\/ioha-conference\/awards-and-scholarships\/","title":{"rendered":"Premios Bienales de la IOHA"},"content":{"rendered":"<h2 class=\"wp-block-heading\">Homenaje a la excelencia en la historia oral<\/h2>\n\n\n\n<hr class=\"wp-block-separator has-css-opacity is-style-wide\"\/>\n\n\n\n<h3 class=\"wp-block-heading\">\u00bfCu\u00e1les son los premios?<\/h3>\n\n\n\n<p>La Asociaci\u00f3n Internacional de Historia Oral (IOHA) reconoce las contribuciones sobresalientes a la historia oral a trav\u00e9s de tres premios que celebran la excelencia en proyectos multimedia, logros individuales y publicaciones acad\u00e9micas.<\/p>\n\n\n\n<p>Estos premios bienales destacan el impacto transformador de la historia oral en la investigaci\u00f3n, la educaci\u00f3n y la preservaci\u00f3n cultural. Los premios est\u00e1n abiertos a historiadores orales que trabajen en cualquier \u00e1mbito, ya sea comunitario, acad\u00e9mico o de los medios de comunicaci\u00f3n. Los galardonados son responsables de producciones de historia oral innovadoras, excelentes e inspiradoras.<\/p>\n\n\n\n<p>La IOHA introdujo los premios bienales en 2021, y los ganadores inaugurales se anunciaron en la XXI Conferencia de la IOHA.<\/p>\n\n\n\n<hr class=\"wp-block-separator has-css-opacity is-style-wide\"\/>\n\n\n\n<h3 class=\"wp-block-heading\">Detalles de las directrices y criterios de presentaci\u00f3n<\/h3>\n\n\n\n<p><strong>Premio del Libro<\/strong> (<a href=\"https:\/\/ioha.org\/wp-content\/uploads\/2025\/01\/IOHA-Book-Award-edited.pdf\">Ingl\u00e9s<\/a>, <a href=\"https:\/\/ioha.org\/wp-content\/uploads\/2025\/01\/IOHA-Book-Award-SPA.pdf\">Espa\u00f1ol<\/a>)<br>Reconoce las obras publicadas que ponen de manifiesto el papel transformador de la historia oral en la erudici\u00f3n y la comprensi\u00f3n p\u00fablica.<\/p>\n\n\n\n<p><strong>Premio a los medios de comunicaci\u00f3n<\/strong> (<a href=\"https:\/\/ioha.org\/wp-content\/uploads\/2025\/01\/IOHA-Media-Award-edited.pdf\">Ingl\u00e9s<\/a>, <a href=\"https:\/\/ioha.org\/wp-content\/uploads\/2025\/01\/IOHA-Media-Award-edited-SPA.pdf\">Espa\u00f1ol<\/a>)<br>Reconoce la excelencia en el uso de multimedia para preservar y promover la historia oral a trav\u00e9s de la narraci\u00f3n innovadora y la accesibilidad. No se admiten candidaturas de libros.<\/p>\n\n\n\n<p><strong>Premio honor\u00edfico<\/strong> (<a href=\"https:\/\/ioha.org\/wp-content\/uploads\/2025\/01\/IOHA-Honorary-Award-edited.pdf\">Ingl\u00e9s<\/a>, <a href=\"https:\/\/ioha.org\/wp-content\/uploads\/2025\/01\/IOHA-Honorary-Award-SPA.pdf\">Espa\u00f1ol<\/a>)<br>Rinde homenaje a las personas que han realizado contribuciones excepcionales al campo de la historia oral a trav\u00e9s de la investigaci\u00f3n y el servicio a la comunidad.<\/p>\n\n\n\n<div style=\"height:100px\" aria-hidden=\"true\" class=\"wp-block-spacer\"><\/div>\n\n\n\n<h2 class=\"wp-block-heading\">Nuestros galardonados<\/h2>\n\n\n\n<hr class=\"wp-block-separator has-css-opacity is-style-wide\"\/>\n\n\n\n<h3 class=\"wp-block-heading\">Premiados 2023<\/h3>\n\n\n\n<p>M\u00e1s informaci\u00f3n pr\u00f3ximamente.<\/p>\n\n\n\n<hr class=\"wp-block-separator has-css-opacity is-style-wide\"\/>\n\n\n\n<h3 class=\"wp-block-heading\">Premiados 2021<\/h3>\n\n\n\n<div class=\"wp-block-columns is-layout-flex wp-container-core-columns-is-layout-28f84493 wp-block-columns-is-layout-flex\">\n<div class=\"wp-block-column is-layout-flow wp-block-column-is-layout-flow\">\n<p><strong>Premio IOHA del Libro 2021:<\/strong><\/p>\n<\/div>\n\n\n\n<div class=\"wp-block-column is-layout-flow wp-block-column-is-layout-flow\">\n<p>Eve Wicks, Australia<br><em>A la luz y a la sombra: Reflexiones sobre la vida del inmigrante lituano<\/em><\/p>\n<\/div>\n\n\n\n<div class=\"wp-block-column is-layout-flow wp-block-column-is-layout-flow\">\n<figure class=\"wp-block-image size-full\"><img loading=\"lazy\" decoding=\"async\" width=\"656\" height=\"643\" src=\"https:\/\/ioha.org\/wp-content\/uploads\/2022\/03\/sunshine-and-shadow.png\" alt=\"Portada de en Sol y Sombra: Manos sosteniendo la fotograf\u00eda de una persona\" class=\"wp-image-3570\" srcset=\"https:\/\/ioha.org\/wp-content\/uploads\/2022\/03\/sunshine-and-shadow.png 656w, https:\/\/ioha.org\/wp-content\/uploads\/2022\/03\/sunshine-and-shadow-300x294.png 300w, https:\/\/ioha.org\/wp-content\/uploads\/2022\/03\/sunshine-and-shadow-12x12.png 12w\" sizes=\"auto, (max-width: 656px) 100vw, 656px\" \/><\/figure>\n<\/div>\n<\/div>\n\n\n\n<hr class=\"wp-block-separator has-css-opacity is-style-wide\"\/>\n\n\n\n<div class=\"wp-block-columns is-layout-flex wp-container-core-columns-is-layout-28f84493 wp-block-columns-is-layout-flex\">\n<div class=\"wp-block-column is-layout-flow wp-block-column-is-layout-flow\">\n<p><strong>Premio IOHA a los medios de comunicaci\u00f3n 2021:<\/strong><br><br><\/p>\n<\/div>\n\n\n\n<div class=\"wp-block-column is-layout-flow wp-block-column-is-layout-flow\">\n<p>Biblioteca Nacional de China<br><em>Biblioteca Nacional de China: Una historia oral<\/em><\/p>\n<\/div>\n\n\n\n<div class=\"wp-block-column is-layout-flow wp-block-column-is-layout-flow\">\n<figure class=\"wp-block-image size-full\"><img loading=\"lazy\" decoding=\"async\" width=\"482\" height=\"675\" src=\"https:\/\/ioha.org\/wp-content\/uploads\/2022\/03\/china-oral-history.png\" alt=\"Portada de la Biblioteca Nacional de China: Una historia oral\" class=\"wp-image-3571\" srcset=\"https:\/\/ioha.org\/wp-content\/uploads\/2022\/03\/china-oral-history.png 482w, https:\/\/ioha.org\/wp-content\/uploads\/2022\/03\/china-oral-history-214x300.png 214w, https:\/\/ioha.org\/wp-content\/uploads\/2022\/03\/china-oral-history-9x12.png 9w\" sizes=\"auto, (max-width: 482px) 100vw, 482px\" \/><\/figure>\n<\/div>\n<\/div>\n\n\n\n<p><\/p>","protected":false},"excerpt":{"rendered":"","protected":false},"author":141,"featured_media":0,"parent":1176,"menu_order":0,"comment_status":"closed","ping_status":"closed","template":"","meta":{"_acf_changed":false,"site-sidebar-layout":"default","site-content-layout":"","ast-site-content-layout":"default","site-content-style":"default","site-sidebar-style":"default","ast-global-header-display":"","ast-banner-title-visibility":"","ast-main-header-display":"","ast-hfb-above-header-display":"","ast-hfb-below-header-display":"","ast-hfb-mobile-header-display":"","site-post-title":"","ast-breadcrumbs-content":"","ast-featured-img":"","footer-sml-layout":"","ast-disable-related-posts":"","theme-transparent-header-meta":"","adv-header-id-meta":"","stick-header-meta":"","header-above-stick-meta":"","header-main-stick-meta":"","header-below-stick-meta":"","astra-migrate-meta-layouts":"set","ast-page-background-enabled":"default","ast-page-background-meta":{"desktop":{"background-color":"var(--ast-global-color-4)","background-image":"","background-repeat":"repeat","background-position":"center center","background-size":"auto","background-attachment":"scroll","background-type":"","background-media":"","overlay-type":"","overlay-color":"","overlay-opacity":"","overlay-gradient":""},"tablet":{"background-color":"","background-image":"","background-repeat":"repeat","background-position":"center center","background-size":"auto","background-attachment":"scroll","background-type":"","background-media":"","overlay-type":"","overlay-color":"","overlay-opacity":"","overlay-gradient":""},"mobile":{"background-color":"","background-image":"","background-repeat":"repeat","background-position":"center center","background-size":"auto","background-attachment":"scroll","background-type":"","background-media":"","overlay-type":"","overlay-color":"","overlay-opacity":"","overlay-gradient":""}},"ast-content-background-meta":{"desktop":{"background-color":"var(--ast-global-color-5)","background-image":"","background-repeat":"repeat","background-position":"center center","background-size":"auto","background-attachment":"scroll","background-type":"","background-media":"","overlay-type":"","overlay-color":"","overlay-opacity":"","overlay-gradient":""},"tablet":{"background-color":"var(--ast-global-color-5)","background-image":"","background-repeat":"repeat","background-position":"center center","background-size":"auto","background-attachment":"scroll","background-type":"","background-media":"","overlay-type":"","overlay-color":"","overlay-opacity":"","overlay-gradient":""},"mobile":{"background-color":"var(--ast-global-color-5)","background-image":"","background-repeat":"repeat","background-position":"center center","background-size":"auto","background-attachment":"scroll","background-type":"","background-media":"","overlay-type":"","overlay-color":"","overlay-opacity":"","overlay-gradient":""}},"footnotes":""},"class_list":["post-3165","page","type-page","status-publish","hentry"],"acf":[],"yoast_head":"<!-- This site is optimized with the Yoast SEO plugin v27.3 - https:\/\/yoast.com\/product\/yoast-seo-wordpress\/ -->\n<title>The IOHA Biennial Awards - International Oral History Association<\/title>\n<meta name=\"robots\" content=\"index, follow, max-snippet:-1, max-image-preview:large, max-video-preview:-1\" \/>\n<link rel=\"canonical\" href=\"https:\/\/ioha.org\/es\/conferencia-ioha\/premios-y-becas\/\" \/>\n<meta property=\"og:locale\" content=\"es_ES\" \/>\n<meta property=\"og:type\" content=\"article\" \/>\n<meta property=\"og:title\" content=\"The IOHA Biennial Awards - International Oral History Association\" \/>\n<meta property=\"og:description\" content=\"Honoring Excellence in Oral History What are the awards? The International Oral History Association (IOHA) recognizes outstanding contributions to oral history through three awards which celebrate excellence in multimedia projects, individual achievements, and scholarly publications. These biennial awards highlight the transformative impact of oral history in research, education, and cultural preservation. The awards are open [&hellip;]\" \/>\n<meta property=\"og:url\" content=\"https:\/\/ioha.org\/es\/conferencia-ioha\/premios-y-becas\/\" \/>\n<meta property=\"og:site_name\" content=\"International Oral History Association\" \/>\n<meta property=\"article:publisher\" content=\"https:\/\/www.facebook.com\/people\/IOHA-International-Oral-History-Association\/61552554031622\/\" \/>\n<meta property=\"article:modified_time\" content=\"2025-01-18T21:55:43+00:00\" \/>\n<meta property=\"og:image\" content=\"https:\/\/ioha.org\/wp-content\/uploads\/2022\/03\/sunshine-and-shadow.png\" \/>\n\t<meta property=\"og:image:width\" content=\"656\" \/>\n\t<meta property=\"og:image:height\" content=\"643\" \/>\n\t<meta property=\"og:image:type\" content=\"image\/png\" \/>\n<meta name=\"twitter:card\" content=\"summary_large_image\" \/>\n<meta name=\"twitter:label1\" content=\"Tiempo de lectura\" \/>\n\t<meta name=\"twitter:data1\" content=\"2 minutos\" \/>\n<script type=\"application\/ld+json\" class=\"yoast-schema-graph\">{\"@context\":\"https:\\\/\\\/schema.org\",\"@graph\":[{\"@type\":\"WebPage\",\"@id\":\"https:\\\/\\\/ioha.org\\\/ioha-conference\\\/awards-and-scholarships\\\/\",\"url\":\"https:\\\/\\\/ioha.org\\\/ioha-conference\\\/awards-and-scholarships\\\/\",\"name\":\"The IOHA Biennial Awards - International Oral History Association\",\"isPartOf\":{\"@id\":\"https:\\\/\\\/ioha.org\\\/#website\"},\"primaryImageOfPage\":{\"@id\":\"https:\\\/\\\/ioha.org\\\/ioha-conference\\\/awards-and-scholarships\\\/#primaryimage\"},\"image\":{\"@id\":\"https:\\\/\\\/ioha.org\\\/ioha-conference\\\/awards-and-scholarships\\\/#primaryimage\"},\"thumbnailUrl\":\"https:\\\/\\\/ioha.org\\\/wp-content\\\/uploads\\\/2022\\\/03\\\/sunshine-and-shadow.png\",\"datePublished\":\"2022-02-09T14:18:36+00:00\",\"dateModified\":\"2025-01-18T21:55:43+00:00\",\"breadcrumb\":{\"@id\":\"https:\\\/\\\/ioha.org\\\/ioha-conference\\\/awards-and-scholarships\\\/#breadcrumb\"},\"inLanguage\":\"es\",\"potentialAction\":[{\"@type\":\"ReadAction\",\"target\":[\"https:\\\/\\\/ioha.org\\\/ioha-conference\\\/awards-and-scholarships\\\/\"]}]},{\"@type\":\"ImageObject\",\"inLanguage\":\"es\",\"@id\":\"https:\\\/\\\/ioha.org\\\/ioha-conference\\\/awards-and-scholarships\\\/#primaryimage\",\"url\":\"https:\\\/\\\/ioha.org\\\/wp-content\\\/uploads\\\/2022\\\/03\\\/sunshine-and-shadow.png\",\"contentUrl\":\"https:\\\/\\\/ioha.org\\\/wp-content\\\/uploads\\\/2022\\\/03\\\/sunshine-and-shadow.png\"},{\"@type\":\"BreadcrumbList\",\"@id\":\"https:\\\/\\\/ioha.org\\\/ioha-conference\\\/awards-and-scholarships\\\/#breadcrumb\",\"itemListElement\":[{\"@type\":\"ListItem\",\"position\":1,\"name\":\"Home\",\"item\":\"https:\\\/\\\/ioha.org\\\/\"},{\"@type\":\"ListItem\",\"position\":2,\"name\":\"IOHA Conference\",\"item\":\"https:\\\/\\\/ioha.org\\\/ioha-conference\\\/\"},{\"@type\":\"ListItem\",\"position\":3,\"name\":\"The IOHA Biennial Awards\"}]},{\"@type\":\"WebSite\",\"@id\":\"https:\\\/\\\/ioha.org\\\/#website\",\"url\":\"https:\\\/\\\/ioha.org\\\/\",\"name\":\"International Oral History Association\",\"description\":\"IOHA\",\"publisher\":{\"@id\":\"https:\\\/\\\/ioha.org\\\/#organization\"},\"potentialAction\":[{\"@type\":\"SearchAction\",\"target\":{\"@type\":\"EntryPoint\",\"urlTemplate\":\"https:\\\/\\\/ioha.org\\\/?s={search_term_string}\"},\"query-input\":{\"@type\":\"PropertyValueSpecification\",\"valueRequired\":true,\"valueName\":\"search_term_string\"}}],\"inLanguage\":\"es\"},{\"@type\":\"Organization\",\"@id\":\"https:\\\/\\\/ioha.org\\\/#organization\",\"name\":\"International Oral History Association\",\"alternateName\":\"IOHA\",\"url\":\"https:\\\/\\\/ioha.org\\\/\",\"logo\":{\"@type\":\"ImageObject\",\"inLanguage\":\"es\",\"@id\":\"https:\\\/\\\/ioha.org\\\/#\\\/schema\\\/logo\\\/image\\\/\",\"url\":\"https:\\\/\\\/ioha.org\\\/wp-content\\\/uploads\\\/2022\\\/02\\\/ioha-logo.png\",\"contentUrl\":\"https:\\\/\\\/ioha.org\\\/wp-content\\\/uploads\\\/2022\\\/02\\\/ioha-logo.png\",\"width\":500,\"height\":500,\"caption\":\"International Oral History Association\"},\"image\":{\"@id\":\"https:\\\/\\\/ioha.org\\\/#\\\/schema\\\/logo\\\/image\\\/\"},\"sameAs\":[\"https:\\\/\\\/www.facebook.com\\\/people\\\/IOHA-International-Oral-History-Association\\\/61552554031622\\\/\"]}]}<\/script>\n<!-- \/ Yoast SEO plugin. -->","yoast_head_json":{"title":"Premios Bienales de la IOHA - Asociaci\u00f3n Internacional de Historia Oral","robots":{"index":"index","follow":"follow","max-snippet":"max-snippet:-1","max-image-preview":"max-image-preview:large","max-video-preview":"max-video-preview:-1"},"canonical":"https:\/\/ioha.org\/es\/conferencia-ioha\/premios-y-becas\/","og_locale":"es_ES","og_type":"article","og_title":"The IOHA Biennial Awards - International Oral History Association","og_description":"Honoring Excellence in Oral History What are the awards? The International Oral History Association (IOHA) recognizes outstanding contributions to oral history through three awards which celebrate excellence in multimedia projects, individual achievements, and scholarly publications. These biennial awards highlight the transformative impact of oral history in research, education, and cultural preservation. The awards are open [&hellip;]","og_url":"https:\/\/ioha.org\/es\/conferencia-ioha\/premios-y-becas\/","og_site_name":"International Oral History Association","article_publisher":"https:\/\/www.facebook.com\/people\/IOHA-International-Oral-History-Association\/61552554031622\/","article_modified_time":"2025-01-18T21:55:43+00:00","og_image":[{"width":656,"height":643,"url":"https:\/\/ioha.org\/wp-content\/uploads\/2022\/03\/sunshine-and-shadow.png","type":"image\/png"}],"twitter_card":"summary_large_image","twitter_misc":{"Tiempo de lectura":"2 minutos"},"schema":{"@context":"https:\/\/schema.org","@graph":[{"@type":"WebPage","@id":"https:\/\/ioha.org\/ioha-conference\/awards-and-scholarships\/","url":"https:\/\/ioha.org\/ioha-conference\/awards-and-scholarships\/","name":"Premios Bienales de la IOHA - Asociaci\u00f3n Internacional de Historia Oral","isPartOf":{"@id":"https:\/\/ioha.org\/#website"},"primaryImageOfPage":{"@id":"https:\/\/ioha.org\/ioha-conference\/awards-and-scholarships\/#primaryimage"},"image":{"@id":"https:\/\/ioha.org\/ioha-conference\/awards-and-scholarships\/#primaryimage"},"thumbnailUrl":"https:\/\/ioha.org\/wp-content\/uploads\/2022\/03\/sunshine-and-shadow.png","datePublished":"2022-02-09T14:18:36+00:00","dateModified":"2025-01-18T21:55:43+00:00","breadcrumb":{"@id":"https:\/\/ioha.org\/ioha-conference\/awards-and-scholarships\/#breadcrumb"},"inLanguage":"es","potentialAction":[{"@type":"ReadAction","target":["https:\/\/ioha.org\/ioha-conference\/awards-and-scholarships\/"]}]},{"@type":"ImageObject","inLanguage":"es","@id":"https:\/\/ioha.org\/ioha-conference\/awards-and-scholarships\/#primaryimage","url":"https:\/\/ioha.org\/wp-content\/uploads\/2022\/03\/sunshine-and-shadow.png","contentUrl":"https:\/\/ioha.org\/wp-content\/uploads\/2022\/03\/sunshine-and-shadow.png"},{"@type":"BreadcrumbList","@id":"https:\/\/ioha.org\/ioha-conference\/awards-and-scholarships\/#breadcrumb","itemListElement":[{"@type":"ListItem","position":1,"name":"Home","item":"https:\/\/ioha.org\/"},{"@type":"ListItem","position":2,"name":"IOHA Conference","item":"https:\/\/ioha.org\/ioha-conference\/"},{"@type":"ListItem","position":3,"name":"The IOHA Biennial Awards"}]},{"@type":"WebSite","@id":"https:\/\/ioha.org\/#website","url":"https:\/\/ioha.org\/","name":"Asociaci\u00f3n Internacional de Historia Oral","description":"IOHA","publisher":{"@id":"https:\/\/ioha.org\/#organization"},"potentialAction":[{"@type":"SearchAction","target":{"@type":"EntryPoint","urlTemplate":"https:\/\/ioha.org\/?s={search_term_string}"},"query-input":{"@type":"PropertyValueSpecification","valueRequired":true,"valueName":"search_term_string"}}],"inLanguage":"es"},{"@type":"Organization","@id":"https:\/\/ioha.org\/#organization","name":"Asociaci\u00f3n Internacional de Historia Oral","alternateName":"IOHA","url":"https:\/\/ioha.org\/","logo":{"@type":"ImageObject","inLanguage":"es","@id":"https:\/\/ioha.org\/#\/schema\/logo\/image\/","url":"https:\/\/ioha.org\/wp-content\/uploads\/2022\/02\/ioha-logo.png","contentUrl":"https:\/\/ioha.org\/wp-content\/uploads\/2022\/02\/ioha-logo.png","width":500,"height":500,"caption":"International Oral History Association"},"image":{"@id":"https:\/\/ioha.org\/#\/schema\/logo\/image\/"},"sameAs":["https:\/\/www.facebook.com\/people\/IOHA-International-Oral-History-Association\/61552554031622\/"]}]}},"_links":{"self":[{"href":"https:\/\/ioha.org\/es\/wp-json\/wp\/v2\/pages\/3165","targetHints":{"allow":["GET"]}}],"collection":[{"href":"https:\/\/ioha.org\/es\/wp-json\/wp\/v2\/pages"}],"about":[{"href":"https:\/\/ioha.org\/es\/wp-json\/wp\/v2\/types\/page"}],"author":[{"embeddable":true,"href":"https:\/\/ioha.org\/es\/wp-json\/wp\/v2\/users\/141"}],"replies":[{"embeddable":true,"href":"https:\/\/ioha.org\/es\/wp-json\/wp\/v2\/comments?post=3165"}],"version-history":[{"count":7,"href":"https:\/\/ioha.org\/es\/wp-json\/wp\/v2\/pages\/3165\/revisions"}],"predecessor-version":[{"id":4305,"href":"https:\/\/ioha.org\/es\/wp-json\/wp\/v2\/pages\/3165\/revisions\/4305"}],"up":[{"embeddable":true,"href":"https:\/\/ioha.org\/es\/wp-json\/wp\/v2\/pages\/1176"}],"wp:attachment":[{"href":"https:\/\/ioha.org\/es\/wp-json\/wp\/v2\/media?parent=3165"}],"curies":[{"name":"wp","href":"https:\/\/api.w.org\/{rel}","templated":true}]}}