{"id":3012,"date":"2022-02-05T00:22:49","date_gmt":"2022-02-05T00:22:49","guid":{"rendered":"https:\/\/ioha.org\/?page_id=3012"},"modified":"2025-09-28T16:04:04","modified_gmt":"2025-09-28T16:04:04","slug":"recursos","status":"publish","type":"page","link":"https:\/\/ioha.org\/es\/resources\/","title":{"rendered":"Recursos de historia oral"},"content":{"rendered":"<div class=\"wp-block-group alignfull page-hero has-ast-global-color-2-color has-ast-global-color-7-background-color has-text-color has-background is-layout-flow wp-block-group-is-layout-flow\"><div class=\"wp-block-group__inner-container\">\n<div class=\"wp-block-media-text alignwide has-media-on-the-right is-stacked-on-mobile\"><div class=\"wp-block-media-text__content\">\n<h1 class=\"wp-block-heading has-medium-font-size\" id=\"oral-history-resources\" style=\"text-transform:uppercase\">Recursos de historia oral<\/h1>\n\n\n\n<h2 class=\"wp-block-heading has-ast-global-color-1-color has-text-color\" id=\"information-and-guidance-for-oral-historians\"><strong>Informaci\u00f3n y orientaci\u00f3n para las y los historiadores orales<\/strong><\/h2>\n\n\n\n<p class=\"has-medium-font-size\">La IOHA ha reunido los siguientes recursos para orientar a quienes trabajan en el campo de la historia oral.<\/p>\n<\/div><figure class=\"wp-block-media-text__media\"><img loading=\"lazy\" decoding=\"async\" width=\"1024\" height=\"750\" src=\"https:\/\/ioha.org\/wp-content\/uploads\/2022\/02\/microphone-BW-1024x750.jpg\" alt=\"Manos ajustando un micr\u00f3fono\" class=\"wp-image-3428 size-medium\" srcset=\"https:\/\/ioha.org\/wp-content\/uploads\/2022\/02\/microphone-BW-1024x750.jpg 1024w, https:\/\/ioha.org\/wp-content\/uploads\/2022\/02\/microphone-BW-300x220.jpg 300w, https:\/\/ioha.org\/wp-content\/uploads\/2022\/02\/microphone-BW-768x563.jpg 768w, https:\/\/ioha.org\/wp-content\/uploads\/2022\/02\/microphone-BW-16x12.jpg 16w, https:\/\/ioha.org\/wp-content\/uploads\/2022\/02\/microphone-BW.jpg 1200w\" sizes=\"auto, (max-width: 1024px) 100vw, 1024px\" \/><\/figure><\/div>\n<\/div><\/div>\n\n\n\n<div class=\"wp-block-columns alignwide is-layout-flex wp-container-core-columns-is-layout-4afe9440 wp-block-columns-is-layout-flex\" style=\"padding-top:50px;padding-right:50px;padding-bottom:50px;padding-left:50px\">\n<div class=\"wp-block-column is-layout-flow wp-block-column-is-layout-flow\">\n<div class=\"wp-block-group has-ast-global-color-4-background-color has-background is-layout-flow wp-block-group-is-layout-flow\" style=\"padding-top:20px;padding-right:20px;padding-bottom:20px;padding-left:20px\"><div class=\"wp-block-group__inner-container\">\n<h3 class=\"wp-block-heading\" id=\"oral-history-news\"><a href=\"https:\/\/ioha.org\/es\/noticias\/\">Noticias de historia oral<\/a><\/h3>\n\n\n\n<p>Lea las \u00faltimas noticias sobre historia oral de todo el mundo.<\/p>\n\n\n\n<div class=\"wp-block-buttons is-layout-flex wp-block-buttons-is-layout-flex\">\n<div class=\"wp-block-button is-style-outline is-style-outline--1\"><a class=\"wp-block-button__link wp-element-button\" href=\"https:\/\/ioha.org\/es\/noticias\/\">TODAS LAS NOTICIAS<\/a><\/div>\n<\/div>\n<\/div><\/div>\n<\/div>\n\n\n\n<div class=\"wp-block-column is-layout-flow wp-block-column-is-layout-flow\">\n<div class=\"wp-block-group has-ast-global-color-4-background-color has-background is-layout-flow wp-block-group-is-layout-flow\" style=\"padding-top:20px;padding-right:20px;padding-bottom:20px;padding-left:20px\"><div class=\"wp-block-group__inner-container\">\n<h3 class=\"wp-block-heading\" id=\"sites-about-oral-history\"><a href=\"https:\/\/ioha.org\/es\/oral-history-resources\/sitios-sobre-historia-oral\/\">Sitios de internet sobre Historia oral<\/a><\/h3>\n\n\n\n<p>Con\u00e9ctese con asociaciones y organizaciones centradas en la historia oral.<\/p>\n\n\n\n<div class=\"wp-block-buttons is-layout-flex wp-block-buttons-is-layout-flex\">\n<div class=\"wp-block-button is-style-outline is-style-outline--2\"><a class=\"wp-block-button__link wp-element-button\" href=\"https:\/\/ioha.org\/es\/recursos\/sitios-sobre-historia-oral\/\">VER RECURSOS<\/a><\/div>\n<\/div>\n<\/div><\/div>\n<\/div>\n\n\n\n<div class=\"wp-block-column is-layout-flow wp-block-column-is-layout-flow\">\n<div class=\"wp-block-group has-ast-global-color-4-background-color has-background is-layout-flow wp-block-group-is-layout-flow\" style=\"padding-top:20px;padding-right:20px;padding-bottom:20px;padding-left:20px\"><div class=\"wp-block-group__inner-container\">\n<h3 class=\"wp-block-heading\" id=\"oral-history-news\"><a href=\"https:\/\/ioha.org\/es\/oral-history-resources\/etica-y-derechos-de-autor\/\">\u00c9tica y derechos de autor<\/a><\/h3>\n\n\n\n<p>Encuentre orientaci\u00f3n sobre cuestiones relacionadas con la \u00e9tica y los derechos de autor.<\/p>\n\n\n\n<div class=\"wp-block-buttons is-layout-flex wp-block-buttons-is-layout-flex\">\n<div class=\"wp-block-button is-style-outline is-style-outline--3\"><a class=\"wp-block-button__link wp-element-button\" href=\"https:\/\/ioha.org\/es\/recursos\/etica-y-derechos-de-autor\/\">VER RECURSOS<\/a><\/div>\n<\/div>\n<\/div><\/div>\n<\/div>\n<\/div>\n\n\n\n<div class=\"wp-block-columns alignwide is-layout-flex wp-container-core-columns-is-layout-a10b7333 wp-block-columns-is-layout-flex\" style=\"padding-top:0px;padding-right:50px;padding-bottom:50px;padding-left:50px\">\n<div class=\"wp-block-column is-layout-flow wp-block-column-is-layout-flow\">\n<div class=\"wp-block-group has-ast-global-color-4-background-color has-background is-layout-flow wp-block-group-is-layout-flow\" style=\"padding-top:20px;padding-right:20px;padding-bottom:20px;padding-left:20px\"><div class=\"wp-block-group__inner-container\">\n<h3 class=\"wp-block-heading\" id=\"useful-readings\"><a href=\"https:\/\/ioha.org\/es\/oral-history-resources\/lecturas-recomendadas\/\">Lecturas recomendadas<\/a><\/h3>\n\n\n\n<p>Consulte lecturas sobre teor\u00eda y pr\u00e1ctica de la historia oral, manuales, bibliograf\u00edas, publicaciones peri\u00f3dicas y estudios clave.<\/p>\n\n\n\n<div class=\"wp-block-buttons is-layout-flex wp-block-buttons-is-layout-flex\">\n<div class=\"wp-block-button is-style-outline is-style-outline--4\"><a class=\"wp-block-button__link wp-element-button\" href=\"https:\/\/ioha.org\/es\/recursos\/lecturas-recomendadas\/\">VER RECURSOS<\/a><\/div>\n<\/div>\n<\/div><\/div>\n<\/div>\n\n\n\n<div class=\"wp-block-column is-layout-flow wp-block-column-is-layout-flow\">\n<div class=\"wp-block-group has-ast-global-color-4-background-color has-background is-layout-flow wp-block-group-is-layout-flow\" style=\"padding-top:20px;padding-right:20px;padding-bottom:20px;padding-left:20px\"><div class=\"wp-block-group__inner-container\">\n<h3 class=\"wp-block-heading\" id=\"technical-support\"><a href=\"https:\/\/ioha.org\/es\/oral-history-resources\/informacion-tecnica\/\">Informaci\u00f3n t\u00e9cnica<\/a><\/h3>\n\n\n\n<p>Localizar recursos de apoyo sobre tecnolog\u00eda relacionada con el trabajo de los historiadores orales.<\/p>\n\n\n\n<div class=\"wp-block-buttons is-layout-flex wp-block-buttons-is-layout-flex\">\n<div class=\"wp-block-button is-style-outline is-style-outline--5\"><a class=\"wp-block-button__link wp-element-button\" href=\"https:\/\/ioha.org\/es\/recursos\/informacion-tecnica\/\">VER RECURSOS<\/a><\/div>\n<\/div>\n<\/div><\/div>\n<\/div>\n\n\n\n<div class=\"wp-block-column is-layout-flow wp-block-column-is-layout-flow\">\n<div class=\"wp-block-group has-ast-global-color-4-background-color has-background is-layout-flow wp-block-group-is-layout-flow\" style=\"padding-top:20px;padding-right:20px;padding-bottom:20px;padding-left:20px\"><div class=\"wp-block-group__inner-container\">\n<h3 class=\"wp-block-heading\" id=\"useful-readings\"><a href=\"https:\/\/ioha.org\/es\/\">Red IOHA Covid-19<\/a><\/h3>\n\n\n\n<p>Descubra los proyectos relacionados con la pandemia de Covid-19, que comenz\u00f3 en 2020 y sigue afectando a las comunidades en la actualidad.<\/p>\n\n\n\n<div class=\"wp-block-buttons is-layout-flex wp-block-buttons-is-layout-flex\">\n<div class=\"wp-block-button is-style-outline is-style-outline--6\"><a class=\"wp-block-button__link wp-element-button\" href=\"https:\/\/ioha.org\/es\/red-ioha-covid-19\/\">VER RECURSOS<\/a><\/div>\n<\/div>\n<\/div><\/div>\n<\/div>\n<\/div>\n\n\n\n<div class=\"wp-block-cover alignfull\" style=\"min-height:300px;aspect-ratio:unset;\"><span aria-hidden=\"true\" class=\"has-ast-global-color-0-background-color has-background-dim-70 wp-block-cover__gradient-background has-background-dim\"><\/span><img loading=\"lazy\" decoding=\"async\" width=\"1772\" height=\"1181\" class=\"wp-block-cover__image-background wp-image-3062\" alt=\"Miembros de la IOHA debatiendo en la conferencia bienal.\" src=\"https:\/\/ioha.org\/wp-content\/uploads\/2022\/02\/35766672_1810891485671417_7269549323224875008_n-1.jpg\" style=\"object-position:48% 49%\" data-object-fit=\"cover\" data-object-position=\"48% 49%\" srcset=\"https:\/\/ioha.org\/wp-content\/uploads\/2022\/02\/35766672_1810891485671417_7269549323224875008_n-1.jpg 1772w, https:\/\/ioha.org\/wp-content\/uploads\/2022\/02\/35766672_1810891485671417_7269549323224875008_n-1-300x200.jpg 300w, https:\/\/ioha.org\/wp-content\/uploads\/2022\/02\/35766672_1810891485671417_7269549323224875008_n-1-1024x682.jpg 1024w, https:\/\/ioha.org\/wp-content\/uploads\/2022\/02\/35766672_1810891485671417_7269549323224875008_n-1-768x512.jpg 768w, https:\/\/ioha.org\/wp-content\/uploads\/2022\/02\/35766672_1810891485671417_7269549323224875008_n-1-1536x1024.jpg 1536w, https:\/\/ioha.org\/wp-content\/uploads\/2022\/02\/35766672_1810891485671417_7269549323224875008_n-1-18x12.jpg 18w\" sizes=\"auto, (max-width: 1772px) 100vw, 1772px\" \/><div class=\"wp-block-cover__inner-container is-layout-flow wp-block-cover-is-layout-flow\">\n<h2 class=\"has-text-align-center has-ast-global-color-5-color has-text-color wp-block-heading\" id=\"join-the-association\"><strong>\u00danase a la Asociaci\u00f3n<\/strong><\/h2>\n\n\n\n<div style=\"height:16px\" aria-hidden=\"true\" class=\"wp-block-spacer\"><\/div>\n\n\n\n<p class=\"has-text-align-center has-ast-global-color-5-color has-text-color has-medium-font-size\"><strong>La afiliaci\u00f3n a la Asociaci\u00f3n Internacional de Historia Oral est\u00e1 abierta a cualquier persona o instituci\u00f3n que apoye nuestras metas y objetivos. Los beneficios incluyen:<\/strong><\/p>\n\n\n\n<div class=\"wp-block-columns has-ast-global-color-5-color has-text-color is-layout-flex wp-container-core-columns-is-layout-28f84493 wp-block-columns-is-layout-flex\">\n<div class=\"wp-block-column is-layout-flow wp-block-column-is-layout-flow\"><div class=\"check-icon\" style=\"text-align: center; line-height:45px;\"><span class=\"dashicons dashicons-yes-alt\" style=\"font-size: 45px;\"><\/span><\/div>\n\n\n\n<p class=\"has-text-align-center has-ast-global-color-5-color has-text-color has-medium-font-size\"><strong>Tarifas reducidas en las conferencias de la IOHA<\/strong><\/p>\n<\/div>\n\n\n\n<div class=\"wp-block-column is-layout-flow wp-block-column-is-layout-flow\"><div class=\"check-icon\" style=\"text-align: center; line-height:45px;\"><span class=\"dashicons dashicons-yes-alt\" style=\"font-size: 45px;\"><\/span><\/div>\n\n\n\n<p class=\"has-text-align-center has-ast-global-color-5-color has-text-color has-medium-font-size\"><strong>Derecho de voto en las juntas generales y en las elecciones<\/strong><\/p>\n<\/div>\n\n\n\n<div class=\"wp-block-column is-layout-flow wp-block-column-is-layout-flow\"><div class=\"check-icon\" style=\"text-align: center; line-height:45px;\"><span class=\"dashicons dashicons-yes-alt\" style=\"font-size: 45px;\"><\/span><\/div>\n\n\n\n<p class=\"has-text-align-center has-ast-global-color-5-color has-text-color has-medium-font-size\"><strong>Participaci\u00f3n en una comunidad internacional de historiadores orales<\/strong><\/p>\n<\/div>\n<\/div>\n\n\n\n<div style=\"height:16px\" aria-hidden=\"true\" class=\"wp-block-spacer\"><\/div>\n\n\n\n<div class=\"wp-block-buttons is-content-justification-center is-layout-flex wp-container-core-buttons-is-layout-a89b3969 wp-block-buttons-is-layout-flex\">\n<div class=\"wp-block-button aligncenter is-style-fill\"><a class=\"wp-block-button__link has-ast-global-color-5-color has-ast-global-color-1-background-color has-text-color has-background\" href=\"https:\/\/ioha.org\/es\/unete-a-ioha\/\">CONOZCA M\u00c1S<\/a><\/div>\n<\/div>\n<\/div><\/div>","protected":false},"excerpt":{"rendered":"","protected":false},"author":141,"featured_media":0,"parent":0,"menu_order":0,"comment_status":"closed","ping_status":"closed","template":"","meta":{"_acf_changed":false,"site-sidebar-layout":"default","site-content-layout":"","ast-site-content-layout":"default","site-content-style":"default","site-sidebar-style":"default","ast-global-header-display":"","ast-banner-title-visibility":"","ast-main-header-display":"","ast-hfb-above-header-display":"","ast-hfb-below-header-display":"","ast-hfb-mobile-header-display":"","site-post-title":"disabled","ast-breadcrumbs-content":"","ast-featured-img":"","footer-sml-layout":"","ast-disable-related-posts":"","theme-transparent-header-meta":"","adv-header-id-meta":"","stick-header-meta":"","header-above-stick-meta":"","header-main-stick-meta":"","header-below-stick-meta":"","astra-migrate-meta-layouts":"set","ast-page-background-enabled":"default","ast-page-background-meta":{"desktop":{"background-color":"var(--ast-global-color-4)","background-image":"","background-repeat":"repeat","background-position":"center center","background-size":"auto","background-attachment":"scroll","background-type":"","background-media":"","overlay-type":"","overlay-color":"","overlay-opacity":"","overlay-gradient":""},"tablet":{"background-color":"","background-image":"","background-repeat":"repeat","background-position":"center center","background-size":"auto","background-attachment":"scroll","background-type":"","background-media":"","overlay-type":"","overlay-color":"","overlay-opacity":"","overlay-gradient":""},"mobile":{"background-color":"","background-image":"","background-repeat":"repeat","background-position":"center center","background-size":"auto","background-attachment":"scroll","background-type":"","background-media":"","overlay-type":"","overlay-color":"","overlay-opacity":"","overlay-gradient":""}},"ast-content-background-meta":{"desktop":{"background-color":"var(--ast-global-color-5)","background-image":"","background-repeat":"repeat","background-position":"center center","background-size":"auto","background-attachment":"scroll","background-type":"","background-media":"","overlay-type":"","overlay-color":"","overlay-opacity":"","overlay-gradient":""},"tablet":{"background-color":"var(--ast-global-color-5)","background-image":"","background-repeat":"repeat","background-position":"center center","background-size":"auto","background-attachment":"scroll","background-type":"","background-media":"","overlay-type":"","overlay-color":"","overlay-opacity":"","overlay-gradient":""},"mobile":{"background-color":"var(--ast-global-color-5)","background-image":"","background-repeat":"repeat","background-position":"center center","background-size":"auto","background-attachment":"scroll","background-type":"","background-media":"","overlay-type":"","overlay-color":"","overlay-opacity":"","overlay-gradient":""}},"footnotes":""},"class_list":["post-3012","page","type-page","status-publish","hentry"],"acf":[],"yoast_head":"<!-- This site is optimized with the Yoast SEO plugin v27.3 - https:\/\/yoast.com\/product\/yoast-seo-wordpress\/ -->\n<title>Oral History Resources - International Oral History Association<\/title>\n<meta name=\"robots\" content=\"index, follow, max-snippet:-1, max-image-preview:large, max-video-preview:-1\" \/>\n<link rel=\"canonical\" href=\"https:\/\/ioha.org\/es\/recursos\/\" \/>\n<meta property=\"og:locale\" content=\"es_ES\" \/>\n<meta property=\"og:type\" content=\"article\" \/>\n<meta property=\"og:title\" content=\"Oral History Resources - International Oral History Association\" \/>\n<meta property=\"og:description\" content=\"Oral History Resources Information and Guidance for Oral Historians IOHA has assembled the following resources to provide guidance to those working in the field of oral history. Oral History News Read the latest news about oral history from around the world. Sites about Oral History Connect with associations and organizations focused on oral history. Ethics [&hellip;]\" \/>\n<meta property=\"og:url\" content=\"https:\/\/ioha.org\/es\/recursos\/\" \/>\n<meta property=\"og:site_name\" content=\"International Oral History Association\" \/>\n<meta property=\"article:publisher\" content=\"https:\/\/www.facebook.com\/people\/IOHA-International-Oral-History-Association\/61552554031622\/\" \/>\n<meta property=\"article:modified_time\" content=\"2025-09-28T16:04:04+00:00\" \/>\n<meta property=\"og:image\" content=\"https:\/\/ioha.org\/wp-content\/uploads\/2022\/02\/microphone-BW.jpg\" \/>\n\t<meta property=\"og:image:width\" content=\"1200\" \/>\n\t<meta property=\"og:image:height\" content=\"879\" \/>\n\t<meta property=\"og:image:type\" content=\"image\/jpeg\" \/>\n<meta name=\"twitter:card\" content=\"summary_large_image\" \/>\n<meta name=\"twitter:label1\" content=\"Tiempo de lectura\" \/>\n\t<meta name=\"twitter:data1\" content=\"2 minutos\" \/>\n<script type=\"application\/ld+json\" class=\"yoast-schema-graph\">{\"@context\":\"https:\\\/\\\/schema.org\",\"@graph\":[{\"@type\":\"WebPage\",\"@id\":\"https:\\\/\\\/ioha.org\\\/resources\\\/\",\"url\":\"https:\\\/\\\/ioha.org\\\/resources\\\/\",\"name\":\"Oral History Resources - International Oral History Association\",\"isPartOf\":{\"@id\":\"https:\\\/\\\/ioha.org\\\/#website\"},\"primaryImageOfPage\":{\"@id\":\"https:\\\/\\\/ioha.org\\\/resources\\\/#primaryimage\"},\"image\":{\"@id\":\"https:\\\/\\\/ioha.org\\\/resources\\\/#primaryimage\"},\"thumbnailUrl\":\"https:\\\/\\\/ioha.org\\\/wp-content\\\/uploads\\\/2022\\\/02\\\/microphone-BW-1024x750.jpg\",\"datePublished\":\"2022-02-05T00:22:49+00:00\",\"dateModified\":\"2025-09-28T16:04:04+00:00\",\"breadcrumb\":{\"@id\":\"https:\\\/\\\/ioha.org\\\/resources\\\/#breadcrumb\"},\"inLanguage\":\"es\",\"potentialAction\":[{\"@type\":\"ReadAction\",\"target\":[\"https:\\\/\\\/ioha.org\\\/resources\\\/\"]}]},{\"@type\":\"ImageObject\",\"inLanguage\":\"es\",\"@id\":\"https:\\\/\\\/ioha.org\\\/resources\\\/#primaryimage\",\"url\":\"https:\\\/\\\/ioha.org\\\/wp-content\\\/uploads\\\/2022\\\/02\\\/microphone-BW-1024x750.jpg\",\"contentUrl\":\"https:\\\/\\\/ioha.org\\\/wp-content\\\/uploads\\\/2022\\\/02\\\/microphone-BW-1024x750.jpg\"},{\"@type\":\"BreadcrumbList\",\"@id\":\"https:\\\/\\\/ioha.org\\\/resources\\\/#breadcrumb\",\"itemListElement\":[{\"@type\":\"ListItem\",\"position\":1,\"name\":\"Home\",\"item\":\"https:\\\/\\\/ioha.org\\\/\"},{\"@type\":\"ListItem\",\"position\":2,\"name\":\"Oral History Resources\"}]},{\"@type\":\"WebSite\",\"@id\":\"https:\\\/\\\/ioha.org\\\/#website\",\"url\":\"https:\\\/\\\/ioha.org\\\/\",\"name\":\"International Oral History Association\",\"description\":\"IOHA\",\"publisher\":{\"@id\":\"https:\\\/\\\/ioha.org\\\/#organization\"},\"potentialAction\":[{\"@type\":\"SearchAction\",\"target\":{\"@type\":\"EntryPoint\",\"urlTemplate\":\"https:\\\/\\\/ioha.org\\\/?s={search_term_string}\"},\"query-input\":{\"@type\":\"PropertyValueSpecification\",\"valueRequired\":true,\"valueName\":\"search_term_string\"}}],\"inLanguage\":\"es\"},{\"@type\":\"Organization\",\"@id\":\"https:\\\/\\\/ioha.org\\\/#organization\",\"name\":\"International Oral History Association\",\"alternateName\":\"IOHA\",\"url\":\"https:\\\/\\\/ioha.org\\\/\",\"logo\":{\"@type\":\"ImageObject\",\"inLanguage\":\"es\",\"@id\":\"https:\\\/\\\/ioha.org\\\/#\\\/schema\\\/logo\\\/image\\\/\",\"url\":\"https:\\\/\\\/ioha.org\\\/wp-content\\\/uploads\\\/2022\\\/02\\\/ioha-logo.png\",\"contentUrl\":\"https:\\\/\\\/ioha.org\\\/wp-content\\\/uploads\\\/2022\\\/02\\\/ioha-logo.png\",\"width\":500,\"height\":500,\"caption\":\"International Oral History Association\"},\"image\":{\"@id\":\"https:\\\/\\\/ioha.org\\\/#\\\/schema\\\/logo\\\/image\\\/\"},\"sameAs\":[\"https:\\\/\\\/www.facebook.com\\\/people\\\/IOHA-International-Oral-History-Association\\\/61552554031622\\\/\"]}]}<\/script>\n<!-- \/ Yoast SEO plugin. -->","yoast_head_json":{"title":"Recursos de historia oral - Asociaci\u00f3n Internacional de Historia Oral","robots":{"index":"index","follow":"follow","max-snippet":"max-snippet:-1","max-image-preview":"max-image-preview:large","max-video-preview":"max-video-preview:-1"},"canonical":"https:\/\/ioha.org\/es\/recursos\/","og_locale":"es_ES","og_type":"article","og_title":"Oral History Resources - International Oral History Association","og_description":"Oral History Resources Information and Guidance for Oral Historians IOHA has assembled the following resources to provide guidance to those working in the field of oral history. Oral History News Read the latest news about oral history from around the world. Sites about Oral History Connect with associations and organizations focused on oral history. Ethics [&hellip;]","og_url":"https:\/\/ioha.org\/es\/recursos\/","og_site_name":"International Oral History Association","article_publisher":"https:\/\/www.facebook.com\/people\/IOHA-International-Oral-History-Association\/61552554031622\/","article_modified_time":"2025-09-28T16:04:04+00:00","og_image":[{"width":1200,"height":879,"url":"https:\/\/ioha.org\/wp-content\/uploads\/2022\/02\/microphone-BW.jpg","type":"image\/jpeg"}],"twitter_card":"summary_large_image","twitter_misc":{"Tiempo de lectura":"2 minutos"},"schema":{"@context":"https:\/\/schema.org","@graph":[{"@type":"WebPage","@id":"https:\/\/ioha.org\/resources\/","url":"https:\/\/ioha.org\/resources\/","name":"Recursos de historia oral - Asociaci\u00f3n Internacional de Historia Oral","isPartOf":{"@id":"https:\/\/ioha.org\/#website"},"primaryImageOfPage":{"@id":"https:\/\/ioha.org\/resources\/#primaryimage"},"image":{"@id":"https:\/\/ioha.org\/resources\/#primaryimage"},"thumbnailUrl":"https:\/\/ioha.org\/wp-content\/uploads\/2022\/02\/microphone-BW-1024x750.jpg","datePublished":"2022-02-05T00:22:49+00:00","dateModified":"2025-09-28T16:04:04+00:00","breadcrumb":{"@id":"https:\/\/ioha.org\/resources\/#breadcrumb"},"inLanguage":"es","potentialAction":[{"@type":"ReadAction","target":["https:\/\/ioha.org\/resources\/"]}]},{"@type":"ImageObject","inLanguage":"es","@id":"https:\/\/ioha.org\/resources\/#primaryimage","url":"https:\/\/ioha.org\/wp-content\/uploads\/2022\/02\/microphone-BW-1024x750.jpg","contentUrl":"https:\/\/ioha.org\/wp-content\/uploads\/2022\/02\/microphone-BW-1024x750.jpg"},{"@type":"BreadcrumbList","@id":"https:\/\/ioha.org\/resources\/#breadcrumb","itemListElement":[{"@type":"ListItem","position":1,"name":"Home","item":"https:\/\/ioha.org\/"},{"@type":"ListItem","position":2,"name":"Oral History Resources"}]},{"@type":"WebSite","@id":"https:\/\/ioha.org\/#website","url":"https:\/\/ioha.org\/","name":"Asociaci\u00f3n Internacional de Historia Oral","description":"IOHA","publisher":{"@id":"https:\/\/ioha.org\/#organization"},"potentialAction":[{"@type":"SearchAction","target":{"@type":"EntryPoint","urlTemplate":"https:\/\/ioha.org\/?s={search_term_string}"},"query-input":{"@type":"PropertyValueSpecification","valueRequired":true,"valueName":"search_term_string"}}],"inLanguage":"es"},{"@type":"Organization","@id":"https:\/\/ioha.org\/#organization","name":"Asociaci\u00f3n Internacional de Historia Oral","alternateName":"IOHA","url":"https:\/\/ioha.org\/","logo":{"@type":"ImageObject","inLanguage":"es","@id":"https:\/\/ioha.org\/#\/schema\/logo\/image\/","url":"https:\/\/ioha.org\/wp-content\/uploads\/2022\/02\/ioha-logo.png","contentUrl":"https:\/\/ioha.org\/wp-content\/uploads\/2022\/02\/ioha-logo.png","width":500,"height":500,"caption":"International Oral History Association"},"image":{"@id":"https:\/\/ioha.org\/#\/schema\/logo\/image\/"},"sameAs":["https:\/\/www.facebook.com\/people\/IOHA-International-Oral-History-Association\/61552554031622\/"]}]}},"_links":{"self":[{"href":"https:\/\/ioha.org\/es\/wp-json\/wp\/v2\/pages\/3012","targetHints":{"allow":["GET"]}}],"collection":[{"href":"https:\/\/ioha.org\/es\/wp-json\/wp\/v2\/pages"}],"about":[{"href":"https:\/\/ioha.org\/es\/wp-json\/wp\/v2\/types\/page"}],"author":[{"embeddable":true,"href":"https:\/\/ioha.org\/es\/wp-json\/wp\/v2\/users\/141"}],"replies":[{"embeddable":true,"href":"https:\/\/ioha.org\/es\/wp-json\/wp\/v2\/comments?post=3012"}],"version-history":[{"count":6,"href":"https:\/\/ioha.org\/es\/wp-json\/wp\/v2\/pages\/3012\/revisions"}],"predecessor-version":[{"id":4450,"href":"https:\/\/ioha.org\/es\/wp-json\/wp\/v2\/pages\/3012\/revisions\/4450"}],"wp:attachment":[{"href":"https:\/\/ioha.org\/es\/wp-json\/wp\/v2\/media?parent=3012"}],"curies":[{"name":"wp","href":"https:\/\/api.w.org\/{rel}","templated":true}]}}