{"id":1185,"date":"2016-09-26T03:44:20","date_gmt":"2016-09-26T03:44:20","guid":{"rendered":"https:\/\/ioha.org\/es\/?page_id=1185"},"modified":"2025-10-12T17:27:20","modified_gmt":"2025-10-12T17:27:20","slug":"consejos-anteriores","status":"publish","type":"page","link":"https:\/\/ioha.org\/es\/about\/past-council\/","title":{"rendered":"Consejos anteriores de la IOHA"},"content":{"rendered":"<h2 class=\"wp-block-heading\">2023 a 2025<\/h2>\n\n\n\n<p>Presidente: David Beorlegui (Espa\u00f1a)<\/p>\n\n\n\n<p>Vicepresidentes: Leslie McCartney (EE.UU.), Tian Miao (China)<\/p>\n\n\n\n<p>Secretaria y Tesorera del Consejo: Almut Leh (Alemania)<\/p>\n\n\n\n<p>Miembros del Consejo y representantes regionales:<\/p>\n\n\n\n<ul class=\"wp-block-list\">\n<li>\u00c1frica: Nompilo Ndlovu (Zimbabue y Sud\u00e1frica)<\/li>\n\n\n\n<li>Asia: Silva Sevlyan (Armenia), Sumallya Mukhopadhyay (India), Mark Wong (Singapur)<\/li>\n\n\n\n<li>Europa: Outi Fingeroos (Finlandia), Jakub Ga\u0142\u0119ziowski (Polonia).<\/li>\n\n\n\n<li>Norteam\u00e9rica: Martha Norkunas (EE.UU.)<\/li>\n\n\n\n<li>Ocean\u00eda: N\u0113pia Mahuika (Nueva Zelanda)<\/li>\n\n\n\n<li>Am\u00e9rica del Sur: Andr\u00e9a Casa Nova Maia (Brasil), Ruben Kotler (Argentina)<\/li>\n<\/ul>\n\n\n\n<h2 class=\"wp-block-heading\">2021 a 2023<\/h2>\n\n\n\n<p>Presidente: David Beorlegui (Espa\u00f1a)<\/p>\n\n\n\n<p>Vicepresidentes: Mark Wong (Singapur), Martha Norkunas (EE.UU.)<\/p>\n\n\n\n<p>Secretaria y Tesorera del Consejo: Almut Leh (Alemania)<\/p>\n\n\n\n<p>Miembros del Consejo y representantes regionales:<\/p>\n\n\n\n<ul class=\"wp-block-list\">\n<li>\u00c1frica: Nompilo Ndlovu (Zimbabue y Sud\u00e1frica)<\/li>\n\n\n\n<li>Asia: Saeideh Mahrami (Ir\u00e1n), Tian Miao (China)<\/li>\n\n\n\n<li>Europa: Anne Heimo (Finlandia)<\/li>\n\n\n\n<li>Norteam\u00e9rica: Lauren Kata (EE.UU.), Leslie McCartney (Canad\u00e1)<\/li>\n\n\n\n<li>Ocean\u00eda: N\u0113pia Mahuika (Nueva Zelanda), Lorina Barker (Nueva Zelanda)<\/li>\n\n\n\n<li>Am\u00e9rica del Sur: Bernardo Buarque (Brasil)<\/li>\n<\/ul>\n\n\n\n<h2 class=\"wp-block-heading\">2018 a 2021<\/h2>\n\n\n\n<p>Presidenta: Sue Anderson (Australia)<\/p>\n\n\n\n<p>Vicepresidentes: Mark Wong (Singapur), Outi Fingerroos (Finlandia)<\/p>\n\n\n\n<p>Secretaria y Tesorera del Consejo: Almut Leh (Alemania)<\/p>\n\n\n\n<p>Miembros del Consejo y representantes regionales:<\/p>\n\n\n\n<ul class=\"wp-block-list\">\n<li>\u00c1frica: Jo-Anne Duggan (Sud\u00e1frica)<\/li>\n\n\n\n<li>Asia: Saeideh Mahrami (Ir\u00e1n)<\/li>\n\n\n\n<li>Asia: Tian Miao (China)<\/li>\n\n\n\n<li>Europa: Anne Heimo (Finlandia)<\/li>\n\n\n\n<li>Europa: David Beorlegui (Espa\u00f1a)<\/li>\n\n\n\n<li>Am\u00e9rica del Norte: Gabriel Medrano de Luna (M\u00e9xico)<\/li>\n\n\n\n<li>Norteam\u00e9rica: Martha Norkunas (EE.UU.)<\/li>\n\n\n\n<li>Ocean\u00eda: Lorina Barker (Australia)<\/li>\n\n\n\n<li>Am\u00e9rica del Sur: Bernardo Buarque (Brasil)<\/li>\n<\/ul>\n\n\n\n<h2 class=\"wp-block-heading\">2016 a 2018<\/h2>\n\n\n\n<p>Presidente: Mark Cave (EE.UU.)<\/p>\n\n\n\n<p>Vicepresidentes: Avehi Menon (India), David Beorlegui (Espa\u00f1a)<\/p>\n\n\n\n<p>Secretaria y Tesorera del Consejo: Almut Leh (Alemania)<\/p>\n\n\n\n<p>Miembros del Consejo y representantes regionales:<\/p>\n\n\n\n<ul class=\"wp-block-list\">\n<li>\u00c1frica: Jo-Anne Duggan (Sud\u00e1frica)<\/li>\n\n\n\n<li>Asia: Mark Wong (Singapur)<\/li>\n\n\n\n<li>Asia: Sun Yi (China)<\/li>\n\n\n\n<li>Europa: Angela Campos (Reino Unido)<\/li>\n\n\n\n<li>Europa: Outie Fingerroos (Finlandia)<\/li>\n\n\n\n<li>Norteam\u00e9rica: Martha Norkunas (EE.UU.)<\/li>\n\n\n\n<li>Am\u00e9rica del Norte: Gabriel Medrano de Luna (M\u00e9xico)<\/li>\n\n\n\n<li>Ocean\u00eda: Sue Anderson (Australia)<\/li>\n\n\n\n<li>Am\u00e9rica del Sur: Eliz\u00e2ngela Carrijo (Brasil)<\/li>\n<\/ul>\n\n\n\n<h2 class=\"wp-block-heading\">2014 a 2016<\/h2>\n\n\n\n<p>Presidenta: Indira Chowdhury (India)<\/p>\n\n\n\n<p>Vicepresidentes: David Beorlegui (Espa\u00f1a), Mark A. Cave (EE.UU.)<\/p>\n\n\n\n<p>Secretaria y Tesorera del Consejo: Almut Leh (Alemania)<\/p>\n\n\n\n<p>Miembros del Consejo y representantes regionales:<\/p>\n\n\n\n<ul class=\"wp-block-list\">\n<li>\u00c1frica: Christina Landman (Sud\u00e1frica)<\/li>\n\n\n\n<li>Asia: Aisha Bilkhair (Emiratos \u00c1rabes Unidos)<\/li>\n\n\n\n<li>Asia: Avehi Menon (India)<\/li>\n\n\n\n<li>Europa: Angela Campos (Reino Unido)<\/li>\n\n\n\n<li>Europa: Pavel Mucke (Rep\u00fablica Checa)<\/li>\n\n\n\n<li>Europa: Outi Fingerroos (Finlandia)<\/li>\n\n\n\n<li>Am\u00e9rica del Norte: Patricia Pensada (M\u00e9xico)<\/li>\n\n\n\n<li>Ocean\u00eda: Caren Fox (Nueva Zelanda)<\/li>\n\n\n\n<li>Ocean\u00eda: Paula Hamilton (Australia)<\/li>\n\n\n\n<li>Am\u00e9rica del Sur: Andr\u00e9a Casa Nova Maia (Brasil)<\/li>\n<\/ul>\n\n\n\n<h2 class=\"wp-block-heading\">2012 a 2014<\/h2>\n\n\n\n<p>Presidenta: Ana Mar\u00eda de la O Castellanos (M\u00e9xico)<\/p>\n\n\n\n<p>Vicepresidentes: Andr\u00e9a Casa Nova Maia (Brasil), Helen Klaebe (Australia)<\/p>\n\n\n\n<p>Secretaria y Tesorera del Consejo: Almut Leh (Alemania)<\/p>\n\n\n\n<p>Miembros del Consejo y representantes regionales:<\/p>\n\n\n\n<ul class=\"wp-block-list\">\n<li>\u00c1frica: Christina Landman (Sud\u00e1frica)<\/li>\n\n\n\n<li>Asia: Indira Chowdhury (India)<\/li>\n\n\n\n<li>Europa: David Beorlegui (Espa\u00f1a)<\/li>\n\n\n\n<li>Europa: Pavel Mucke (Rep\u00fablica Checa)<\/li>\n\n\n\n<li>Norteam\u00e9rica: Mark A. Cave (EE.UU.)<\/li>\n\n\n\n<li>Am\u00e9rica del Norte: Armando Sandoval Pierres (M\u00e9xico)<\/li>\n\n\n\n<li>Ocean\u00eda: Caren Fox (Nueva Zelanda)<\/li>\n\n\n\n<li>Am\u00e9rica del Sur: Ligia Maria Pereira (Brasil)<\/li>\n<\/ul>\n\n\n\n<h2 class=\"wp-block-heading\">2010 a 2012<\/h2>\n\n\n\n<p>Presidente: Miroslav Vanek (Rep\u00fablica Checa)<\/p>\n\n\n\n<p>Vicepresidentes: Juan Guti\u00e9rrez (M\u00e9xico y EE.UU.), Miren Llona (Espa\u00f1a)<\/p>\n\n\n\n<p>Secretario del Consejo: Todd Moye (EE.UU.)<\/p>\n\n\n\n<p>Tesorera: Almut Leh (Alemania)<\/p>\n\n\n\n<p>Miembros del Consejo y representantes regionales:<\/p>\n\n\n\n<ul class=\"wp-block-list\">\n<li>\u00c1frica: Petros Aklilu (Etiop\u00eda)<\/li>\n\n\n\n<li>Asia: Indira Chowdhury (India)<\/li>\n\n\n\n<li>Europa: Michelle Winslow (Reino Unido)<\/li>\n\n\n\n<li>Europa: Christopher Paetzold (Espa\u00f1a)<\/li>\n\n\n\n<li>Europa: Miren Llona (Espa\u00f1a)<\/li>\n\n\n\n<li>Am\u00e9rica del Norte: Xavier Pallacios (M\u00e9xico)<\/li>\n\n\n\n<li>Am\u00e9rica del Sur: Liliana Barela (Argentina)<\/li>\n\n\n\n<li>Am\u00e9rica del Sur: Joana Maria Pedro (Brasil)<\/li>\n<\/ul>\n\n\n\n<h2 class=\"wp-block-heading\">2008 a 2010<\/h2>\n\n\n\n<p>Presidenta: Pilar Dom\u00ednguez (Espa\u00f1a)<\/p>\n\n\n\n<p>Vicepresidentes: Antonio Montenegro (Brasil), Sean Field (Sud\u00e1frica)<\/p>\n\n\n\n<p>Secretaria del Consejo: Megan Hutching (Nueva Zelanda)<\/p>\n\n\n\n<p>Tesorera: Almut Leh (Alemania)<\/p>\n\n\n\n<p>Miembros del Consejo y representantes regionales:<\/p>\n\n\n\n<ul class=\"wp-block-list\">\n<li>\u00c1frica: Radikobo Ntsimane (Sud\u00e1frica)<\/li>\n\n\n\n<li>Asia: Tineke Jansen (China y Reino Unido)<\/li>\n\n\n\n<li>Europa: Mirek Vanek (Rep\u00fablica Checa)<\/li>\n\n\n\n<li>Europa: Miren Llona (Espa\u00f1a)<\/li>\n\n\n\n<li>Am\u00e9rica del Norte: Juan Guti\u00e9rrez (M\u00e9xico y EE.UU.)<\/li>\n\n\n\n<li>Norteam\u00e9rica: Alexander Freund (Canad\u00e1)<\/li>\n\n\n\n<li>Norteam\u00e9rica: Calinda Lee (EE.UU.)<\/li>\n\n\n\n<li>Ocean\u00eda: Megan Hutching (Nueva Zelanda)<\/li>\n\n\n\n<li>Sudam\u00e9rica: Pablo Pozzi (Argentina)<\/li>\n<\/ul>\n\n\n\n<h2 class=\"wp-block-heading\">2006 a 2008<\/h2>\n\n\n\n<p>Presidente: Alistair Thomson (Reino Unido y Australia)<\/p>\n\n\n\n<p>Vicepresidentes: Pilar Dom\u00ednguez (Espa\u00f1a), Alexander von Plato (Alemania)<\/p>\n\n\n\n<p>Secretaria y Tesorera del Consejo: Almut Leh (Alemania)<\/p>\n\n\n\n<p>Miembros del Consejo y representantes regionales:<\/p>\n\n\n\n<ul class=\"wp-block-list\">\n<li>\u00c1frica: Sean Field (Sud\u00e1frica)<\/li>\n\n\n\n<li>Asia: Tomoyo Nakao (Jap\u00f3n)<\/li>\n\n\n\n<li>Europa: Tineke Jansen (Reino Unido)<\/li>\n\n\n\n<li>Europa: Rob Perks (Reino Unido)<\/li>\n\n\n\n<li>Norteam\u00e9rica: Alexander Freund (Canad\u00e1)<\/li>\n\n\n\n<li>Norteam\u00e9rica: Don Ritchie (EE.UU.)<\/li>\n\n\n\n<li>Ocean\u00eda: Megan Hutching (Nueva Zelanda)<\/li>\n\n\n\n<li>Am\u00e9rica del Sur: Ana Mar\u00eda Castellanos<\/li>\n\n\n\n<li>Am\u00e9rica del Sur: Marilda Menezes<\/li>\n<\/ul>\n\n\n\n<h2 class=\"wp-block-heading\">2004 a 2006<\/h2>\n\n\n\n<p>Presidenta: Rina Benmayor (EE.UU.)<\/p>\n\n\n\n<p>Vicepresidentes: Funso Afolayan (Nigeria), Gerardo Necoechea (M\u00e9xico)<\/p>\n\n\n\n<p>Secretaria y Tesorera del Consejo: Almut Leh (Alemania)<\/p>\n\n\n\n<p>Miembros del Consejo y representantes regionales:<\/p>\n\n\n\n<ul class=\"wp-block-list\">\n<li>\u00c1frica: Sean Field (Sud\u00e1frica)<\/li>\n\n\n\n<li>Asia: Gunhan Danisman (Turqu\u00eda)<\/li>\n\n\n\n<li>Asia: Eriko Yamamoto (Jap\u00f3n)<\/li>\n\n\n\n<li>Europa: Parita Merino Unidota (Reino Unido)<\/li>\n\n\n\n<li>Europa: Pilar Dom\u00ednguez (Espa\u00f1a)<\/li>\n\n\n\n<li>Norteam\u00e9rica: Don Ritchie (EE.UU.)<\/li>\n\n\n\n<li>Ocean\u00eda: Paula Hamilton (Australia)<\/li>\n\n\n\n<li>Am\u00e9rica del Sur: Antonio Montenegro (Brasil)<\/li>\n<\/ul>\n\n\n\n<h2 class=\"wp-block-heading\">2002 a 2004<\/h2>\n\n\n\n<p>Presidenta: Janis Wilton (Australia)<\/p>\n\n\n\n<p>Vicepresidentes: Rina Benmayor (EE.UU.), Gerardo Necoechea (M\u00e9xico)<\/p>\n\n\n\n<p>Secretaria y Tesorera del Consejo: Almut Leh (Alemania)<\/p>\n\n\n\n<p>Miembros del Consejo y representantes regionales:<\/p>\n\n\n\n<ul class=\"wp-block-list\">\n<li>\u00c1frica: Funso Afolayan (Nigeria)<\/li>\n\n\n\n<li>\u00c1frica: Philippe Denis (Sud\u00e1frica)<\/li>\n\n\n\n<li>Asia: Gunhan Danisman (Turqu\u00eda)<\/li>\n\n\n\n<li>Europa: Joanna Bornat (Reino Unido)<\/li>\n\n\n\n<li>Europa: Luis \u00dabeda (Espa\u00f1a)<\/li>\n\n\n\n<li>Norteam\u00e9rica: Calinda Lee (EE.UU.)<\/li>\n\n\n\n<li>Ocean\u00eda: Anna Green (Nueva Zelanda)<\/li>\n\n\n\n<li>Am\u00e9rica del Sur: Olga von Simson (Brasil)<\/li>\n<\/ul>\n\n\n\n<h2 class=\"wp-block-heading\">2000 a 2002<\/h2>\n\n\n\n<p>Presidenta: Marieta de Moraes Ferreira (Brasil)<\/p>\n\n\n\n<p>Vicepresidentes: Janis Wilton (Australia), Gunhan Danisman (Turqu\u00eda)<\/p>\n\n\n\n<p>Secretaria y Tesorera del Consejo: Almut Leh (Alemania)<\/p>\n\n\n\n<p>Miembros del Consejo y representantes regionales:<\/p>\n\n\n\n<ul class=\"wp-block-list\">\n<li>\u00c1frica: Tayba Hassan Sharif (Sud\u00e1n)<\/li>\n\n\n\n<li>Asia: Nukhet Sirman (Turqu\u00eda)<\/li>\n\n\n\n<li>Europa: Joanna Bornat (Reino Unido)<\/li>\n\n\n\n<li>Europa: Pilar G\u00f3mez (Espa\u00f1a)<\/li>\n\n\n\n<li>Norteam\u00e9rica: Anne Ritchie (EE.UU.)<\/li>\n\n\n\n<li>Norteam\u00e9rica: Rina Benmayor (EE.UU.)<\/li>\n\n\n\n<li>Ocean\u00eda: Anna Green (Nueva Zelanda)<\/li>\n\n\n\n<li>Am\u00e9rica del Sur: Verena Alberti (Brasil)<\/li>\n<\/ul>\n\n\n\n<h2 class=\"wp-block-heading\">1998 a 2000<\/h2>\n\n\n\n<p>Presidenta: Mercedes Vilanova (Espa\u00f1a)<\/p>\n\n\n\n<p>Vicepresidentes: Marieta de Moraes Ferreira (Brasil), Alistair Thomson (Reino Unido)<\/p>\n\n\n\n<p>Secretario y Tesorero del Consejo: Alexander von Plato (Alemania)<\/p>\n\n\n\n<p>Miembros del Consejo y representantes regionales:<\/p>\n\n\n\n<ul class=\"wp-block-list\">\n<li>Asia: Arzu Ozturkmen (Turqu\u00eda)<\/li>\n\n\n\n<li>Europa: Albert Lichtblau (Austria)<\/li>\n\n\n\n<li>Europa: Alessandro Portelli (Italia)<\/li>\n\n\n\n<li>Am\u00e9rica del Norte: Graciela de Garay (M\u00e9xico)<\/li>\n\n\n\n<li>Norteam\u00e9rica: Anne Ritchie (EE.UU.)<\/li>\n\n\n\n<li>Ocean\u00eda: Janis Wilton (Australia)<\/li>\n\n\n\n<li>Am\u00e9rica del Sur: Verena Alberti (Brasil)<\/li>\n\n\n\n<li>Am\u00e9rica del Sur: Dora Schwartstein (Argentina)<\/li>\n<\/ul>\n\n\n\n<h2 class=\"wp-block-heading\">1996 a 1998<\/h2>\n\n\n\n<p>Presidenta: Mercedes Vilanova (Espa\u00f1a)<\/p>\n\n\n\n<p>Vicepresidentes: Marieta de Moraes Ferreira (Brasil), Alistair Thomson (Reino Unido)<\/p>\n\n\n\n<p>Secretario y Tesorero del Consejo: Alexander von Plato (Alemania)<\/p>\n\n\n\n<p>Miembros del Consejo y representantes regionales:<\/p>\n\n\n\n<ul class=\"wp-block-list\">\n<li>\u00c1frica: Ken Manungo (Zimbabue)<\/li>\n\n\n\n<li>Asia: Arzu Ozturkmen (Turqu\u00eda)<\/li>\n\n\n\n<li>Europa: Brigitta Skarin (Suecia)<\/li>\n\n\n\n<li>Europa: Albert Lichtblau (Austria)<\/li>\n\n\n\n<li>Europa: Alessandro Portelli (Italia)<\/li>\n\n\n\n<li>Am\u00e9rica del Norte: Graciela de Garay (M\u00e9xico)<\/li>\n\n\n\n<li>Norteam\u00e9rica: Mary Marshall Clark (EE.UU.)<\/li>\n\n\n\n<li>Am\u00e9rica del Sur: Dora Schwartstein (Argentina)<\/li>\n<\/ul>","protected":false},"excerpt":{"rendered":"","protected":false},"author":1,"featured_media":0,"parent":1117,"menu_order":0,"comment_status":"closed","ping_status":"closed","template":"","meta":{"_acf_changed":false,"site-sidebar-layout":"default","site-content-layout":"","ast-site-content-layout":"default","site-content-style":"default","site-sidebar-style":"default","ast-global-header-display":"","ast-banner-title-visibility":"","ast-main-header-display":"","ast-hfb-above-header-display":"","ast-hfb-below-header-display":"","ast-hfb-mobile-header-display":"","site-post-title":"","ast-breadcrumbs-content":"","ast-featured-img":"","footer-sml-layout":"","ast-disable-related-posts":"","theme-transparent-header-meta":"","adv-header-id-meta":"","stick-header-meta":"","header-above-stick-meta":"","header-main-stick-meta":"","header-below-stick-meta":"","astra-migrate-meta-layouts":"set","ast-page-background-enabled":"default","ast-page-background-meta":{"desktop":{"background-color":"var(--ast-global-color-4)","background-image":"","background-repeat":"repeat","background-position":"center center","background-size":"auto","background-attachment":"scroll","background-type":"","background-media":"","overlay-type":"","overlay-color":"","overlay-opacity":"","overlay-gradient":""},"tablet":{"background-color":"","background-image":"","background-repeat":"repeat","background-position":"center center","background-size":"auto","background-attachment":"scroll","background-type":"","background-media":"","overlay-type":"","overlay-color":"","overlay-opacity":"","overlay-gradient":""},"mobile":{"background-color":"","background-image":"","background-repeat":"repeat","background-position":"center center","background-size":"auto","background-attachment":"scroll","background-type":"","background-media":"","overlay-type":"","overlay-color":"","overlay-opacity":"","overlay-gradient":""}},"ast-content-background-meta":{"desktop":{"background-color":"var(--ast-global-color-5)","background-image":"","background-repeat":"repeat","background-position":"center center","background-size":"auto","background-attachment":"scroll","background-type":"","background-media":"","overlay-type":"","overlay-color":"","overlay-opacity":"","overlay-gradient":""},"tablet":{"background-color":"var(--ast-global-color-5)","background-image":"","background-repeat":"repeat","background-position":"center center","background-size":"auto","background-attachment":"scroll","background-type":"","background-media":"","overlay-type":"","overlay-color":"","overlay-opacity":"","overlay-gradient":""},"mobile":{"background-color":"var(--ast-global-color-5)","background-image":"","background-repeat":"repeat","background-position":"center center","background-size":"auto","background-attachment":"scroll","background-type":"","background-media":"","overlay-type":"","overlay-color":"","overlay-opacity":"","overlay-gradient":""}},"footnotes":""},"class_list":["post-1185","page","type-page","status-publish","hentry"],"acf":[],"yoast_head":"<!-- This site is optimized with the Yoast SEO plugin v27.3 - https:\/\/yoast.com\/product\/yoast-seo-wordpress\/ -->\n<title>Past IOHA Councils - International Oral History Association<\/title>\n<meta name=\"robots\" content=\"index, follow, max-snippet:-1, max-image-preview:large, max-video-preview:-1\" \/>\n<link rel=\"canonical\" href=\"https:\/\/ioha.org\/es\/sobre\/consejos-anteriores\/\" \/>\n<meta property=\"og:locale\" content=\"es_ES\" \/>\n<meta property=\"og:type\" content=\"article\" \/>\n<meta property=\"og:title\" content=\"Past IOHA Councils - International Oral History Association\" \/>\n<meta property=\"og:description\" content=\"2023 to 2025 President: David Beorlegui (Spain) Vice-Presidents:&nbsp;Leslie McCartney (USA), Tian Miao (China) Council Secretary &amp; Treasurer:&nbsp;Almut Leh (Germany) Council Members and Regional Representatives: 2021 to 2023 President: David Beorlegui (Spain) Vice-Presidents:&nbsp;Mark Wong (Singapore), Martha Norkunas (USA) Council Secretary &amp; Treasurer:&nbsp;Almut Leh (Germany) Council Members and Regional Representatives: 2018 to 2021 President: Sue Anderson (Australia) [&hellip;]\" \/>\n<meta property=\"og:url\" content=\"https:\/\/ioha.org\/es\/sobre\/consejos-anteriores\/\" \/>\n<meta property=\"og:site_name\" content=\"International Oral History Association\" \/>\n<meta property=\"article:publisher\" content=\"https:\/\/www.facebook.com\/people\/IOHA-International-Oral-History-Association\/61552554031622\/\" \/>\n<meta property=\"article:modified_time\" content=\"2025-10-12T17:27:20+00:00\" \/>\n<meta name=\"twitter:card\" content=\"summary_large_image\" \/>\n<meta name=\"twitter:label1\" content=\"Tiempo de lectura\" \/>\n\t<meta name=\"twitter:data1\" content=\"5 minutos\" \/>\n<script type=\"application\/ld+json\" class=\"yoast-schema-graph\">{\"@context\":\"https:\\\/\\\/schema.org\",\"@graph\":[{\"@type\":\"WebPage\",\"@id\":\"https:\\\/\\\/ioha.org\\\/about\\\/past-council\\\/\",\"url\":\"https:\\\/\\\/ioha.org\\\/about\\\/past-council\\\/\",\"name\":\"Past IOHA Councils - International Oral History Association\",\"isPartOf\":{\"@id\":\"https:\\\/\\\/ioha.org\\\/#website\"},\"datePublished\":\"2016-09-26T03:44:20+00:00\",\"dateModified\":\"2025-10-12T17:27:20+00:00\",\"breadcrumb\":{\"@id\":\"https:\\\/\\\/ioha.org\\\/about\\\/past-council\\\/#breadcrumb\"},\"inLanguage\":\"es\",\"potentialAction\":[{\"@type\":\"ReadAction\",\"target\":[\"https:\\\/\\\/ioha.org\\\/about\\\/past-council\\\/\"]}]},{\"@type\":\"BreadcrumbList\",\"@id\":\"https:\\\/\\\/ioha.org\\\/about\\\/past-council\\\/#breadcrumb\",\"itemListElement\":[{\"@type\":\"ListItem\",\"position\":1,\"name\":\"Home\",\"item\":\"https:\\\/\\\/ioha.org\\\/\"},{\"@type\":\"ListItem\",\"position\":2,\"name\":\"About Us\",\"item\":\"https:\\\/\\\/ioha.org\\\/about\\\/\"},{\"@type\":\"ListItem\",\"position\":3,\"name\":\"Past IOHA Councils\"}]},{\"@type\":\"WebSite\",\"@id\":\"https:\\\/\\\/ioha.org\\\/#website\",\"url\":\"https:\\\/\\\/ioha.org\\\/\",\"name\":\"International Oral History Association\",\"description\":\"IOHA\",\"publisher\":{\"@id\":\"https:\\\/\\\/ioha.org\\\/#organization\"},\"potentialAction\":[{\"@type\":\"SearchAction\",\"target\":{\"@type\":\"EntryPoint\",\"urlTemplate\":\"https:\\\/\\\/ioha.org\\\/?s={search_term_string}\"},\"query-input\":{\"@type\":\"PropertyValueSpecification\",\"valueRequired\":true,\"valueName\":\"search_term_string\"}}],\"inLanguage\":\"es\"},{\"@type\":\"Organization\",\"@id\":\"https:\\\/\\\/ioha.org\\\/#organization\",\"name\":\"International Oral History Association\",\"alternateName\":\"IOHA\",\"url\":\"https:\\\/\\\/ioha.org\\\/\",\"logo\":{\"@type\":\"ImageObject\",\"inLanguage\":\"es\",\"@id\":\"https:\\\/\\\/ioha.org\\\/#\\\/schema\\\/logo\\\/image\\\/\",\"url\":\"https:\\\/\\\/ioha.org\\\/wp-content\\\/uploads\\\/2022\\\/02\\\/ioha-logo.png\",\"contentUrl\":\"https:\\\/\\\/ioha.org\\\/wp-content\\\/uploads\\\/2022\\\/02\\\/ioha-logo.png\",\"width\":500,\"height\":500,\"caption\":\"International Oral History Association\"},\"image\":{\"@id\":\"https:\\\/\\\/ioha.org\\\/#\\\/schema\\\/logo\\\/image\\\/\"},\"sameAs\":[\"https:\\\/\\\/www.facebook.com\\\/people\\\/IOHA-International-Oral-History-Association\\\/61552554031622\\\/\"]}]}<\/script>\n<!-- \/ Yoast SEO plugin. -->","yoast_head_json":{"title":"Consejos anteriores de la IOHA - Asociaci\u00f3n Internacional de Historia Oral","robots":{"index":"index","follow":"follow","max-snippet":"max-snippet:-1","max-image-preview":"max-image-preview:large","max-video-preview":"max-video-preview:-1"},"canonical":"https:\/\/ioha.org\/es\/sobre\/consejos-anteriores\/","og_locale":"es_ES","og_type":"article","og_title":"Past IOHA Councils - International Oral History Association","og_description":"2023 to 2025 President: David Beorlegui (Spain) Vice-Presidents:&nbsp;Leslie McCartney (USA), Tian Miao (China) Council Secretary &amp; Treasurer:&nbsp;Almut Leh (Germany) Council Members and Regional Representatives: 2021 to 2023 President: David Beorlegui (Spain) Vice-Presidents:&nbsp;Mark Wong (Singapore), Martha Norkunas (USA) Council Secretary &amp; Treasurer:&nbsp;Almut Leh (Germany) Council Members and Regional Representatives: 2018 to 2021 President: Sue Anderson (Australia) [&hellip;]","og_url":"https:\/\/ioha.org\/es\/sobre\/consejos-anteriores\/","og_site_name":"International Oral History Association","article_publisher":"https:\/\/www.facebook.com\/people\/IOHA-International-Oral-History-Association\/61552554031622\/","article_modified_time":"2025-10-12T17:27:20+00:00","twitter_card":"summary_large_image","twitter_misc":{"Tiempo de lectura":"5 minutos"},"schema":{"@context":"https:\/\/schema.org","@graph":[{"@type":"WebPage","@id":"https:\/\/ioha.org\/about\/past-council\/","url":"https:\/\/ioha.org\/about\/past-council\/","name":"Consejos anteriores de la IOHA - Asociaci\u00f3n Internacional de Historia Oral","isPartOf":{"@id":"https:\/\/ioha.org\/#website"},"datePublished":"2016-09-26T03:44:20+00:00","dateModified":"2025-10-12T17:27:20+00:00","breadcrumb":{"@id":"https:\/\/ioha.org\/about\/past-council\/#breadcrumb"},"inLanguage":"es","potentialAction":[{"@type":"ReadAction","target":["https:\/\/ioha.org\/about\/past-council\/"]}]},{"@type":"BreadcrumbList","@id":"https:\/\/ioha.org\/about\/past-council\/#breadcrumb","itemListElement":[{"@type":"ListItem","position":1,"name":"Home","item":"https:\/\/ioha.org\/"},{"@type":"ListItem","position":2,"name":"About Us","item":"https:\/\/ioha.org\/about\/"},{"@type":"ListItem","position":3,"name":"Past IOHA Councils"}]},{"@type":"WebSite","@id":"https:\/\/ioha.org\/#website","url":"https:\/\/ioha.org\/","name":"Asociaci\u00f3n Internacional de Historia Oral","description":"IOHA","publisher":{"@id":"https:\/\/ioha.org\/#organization"},"potentialAction":[{"@type":"SearchAction","target":{"@type":"EntryPoint","urlTemplate":"https:\/\/ioha.org\/?s={search_term_string}"},"query-input":{"@type":"PropertyValueSpecification","valueRequired":true,"valueName":"search_term_string"}}],"inLanguage":"es"},{"@type":"Organization","@id":"https:\/\/ioha.org\/#organization","name":"Asociaci\u00f3n Internacional de Historia Oral","alternateName":"IOHA","url":"https:\/\/ioha.org\/","logo":{"@type":"ImageObject","inLanguage":"es","@id":"https:\/\/ioha.org\/#\/schema\/logo\/image\/","url":"https:\/\/ioha.org\/wp-content\/uploads\/2022\/02\/ioha-logo.png","contentUrl":"https:\/\/ioha.org\/wp-content\/uploads\/2022\/02\/ioha-logo.png","width":500,"height":500,"caption":"International Oral History Association"},"image":{"@id":"https:\/\/ioha.org\/#\/schema\/logo\/image\/"},"sameAs":["https:\/\/www.facebook.com\/people\/IOHA-International-Oral-History-Association\/61552554031622\/"]}]}},"_links":{"self":[{"href":"https:\/\/ioha.org\/es\/wp-json\/wp\/v2\/pages\/1185","targetHints":{"allow":["GET"]}}],"collection":[{"href":"https:\/\/ioha.org\/es\/wp-json\/wp\/v2\/pages"}],"about":[{"href":"https:\/\/ioha.org\/es\/wp-json\/wp\/v2\/types\/page"}],"author":[{"embeddable":true,"href":"https:\/\/ioha.org\/es\/wp-json\/wp\/v2\/users\/1"}],"replies":[{"embeddable":true,"href":"https:\/\/ioha.org\/es\/wp-json\/wp\/v2\/comments?post=1185"}],"version-history":[{"count":4,"href":"https:\/\/ioha.org\/es\/wp-json\/wp\/v2\/pages\/1185\/revisions"}],"predecessor-version":[{"id":4465,"href":"https:\/\/ioha.org\/es\/wp-json\/wp\/v2\/pages\/1185\/revisions\/4465"}],"up":[{"embeddable":true,"href":"https:\/\/ioha.org\/es\/wp-json\/wp\/v2\/pages\/1117"}],"wp:attachment":[{"href":"https:\/\/ioha.org\/es\/wp-json\/wp\/v2\/media?parent=1185"}],"curies":[{"name":"wp","href":"https:\/\/api.w.org\/{rel}","templated":true}]}}