{"id":1117,"date":"2016-09-23T03:06:13","date_gmt":"2016-09-23T03:06:13","guid":{"rendered":"https:\/\/ioha.org\/?page_id=1117"},"modified":"2025-01-18T21:09:47","modified_gmt":"2025-01-18T21:09:47","slug":"sobre","status":"publish","type":"page","link":"https:\/\/ioha.org\/es\/about\/","title":{"rendered":"Qui\u00e9nes somos"},"content":{"rendered":"<div class=\"wp-block-group alignfull page-hero has-ast-global-color-3-color has-ast-global-color-7-background-color has-text-color has-background is-layout-flow wp-block-group-is-layout-flow\"><div class=\"wp-block-group__inner-container\">\n<div class=\"wp-block-columns is-layout-flex wp-container-core-columns-is-layout-28f84493 wp-block-columns-is-layout-flex\">\n<div class=\"wp-block-column is-layout-flow wp-block-column-is-layout-flow\">\n<h1 class=\"wp-block-heading has-medium-font-size\" id=\"about-us\" style=\"text-transform:uppercase\">Qui\u00e9nes somos<\/h1>\n\n\n\n<h2 class=\"wp-block-heading has-ast-global-color-1-color has-text-color\" id=\"the-international-oral-history-association-ioha\"><strong>La Asociaci\u00f3n Internacional de Historia Oral (IOHA)<\/strong><\/h2>\n\n\n\n<p class=\"has-medium-font-size\">La IOHA es una asociaci\u00f3n profesional creada para ofrecer un foro a los y los historiadores orales de todo el mundo y un medio de cooperaci\u00f3n entre quienes se ocupan de la documentaci\u00f3n de la experiencia humana.<\/p>\n<\/div>\n\n\n\n<div class=\"wp-block-column is-layout-flow wp-block-column-is-layout-flow\">\n<figure class=\"wp-block-image size-large\"><img loading=\"lazy\" decoding=\"async\" width=\"1024\" height=\"736\" src=\"https:\/\/ioha.org\/wp-content\/uploads\/2022\/03\/IOHA-group-Finland-1-1024x736.png\" alt=\"\" class=\"wp-image-3568\" srcset=\"https:\/\/ioha.org\/wp-content\/uploads\/2022\/03\/IOHA-group-Finland-1-1024x736.png 1024w, https:\/\/ioha.org\/wp-content\/uploads\/2022\/03\/IOHA-group-Finland-1-300x216.png 300w, https:\/\/ioha.org\/wp-content\/uploads\/2022\/03\/IOHA-group-Finland-1-768x552.png 768w, https:\/\/ioha.org\/wp-content\/uploads\/2022\/03\/IOHA-group-Finland-1-18x12.png 18w, https:\/\/ioha.org\/wp-content\/uploads\/2022\/03\/IOHA-group-Finland-1.png 1192w\" sizes=\"auto, (max-width: 1024px) 100vw, 1024px\" \/><figcaption class=\"wp-element-caption\">Miembros de la IOHA en la Conferencia de la IOHA de 2018. Foto de Essi Nerg<\/figcaption><\/figure>\n<\/div>\n<\/div>\n<\/div><\/div>\n\n\n\n<div style=\"height:50px\" aria-hidden=\"true\" class=\"wp-block-spacer\"><\/div>\n\n\n\n<div class=\"wp-block-columns is-layout-flex wp-container-core-columns-is-layout-28f84493 wp-block-columns-is-layout-flex\">\n<div class=\"wp-block-column is-layout-flow wp-block-column-is-layout-flow\" style=\"flex-basis:33.33%\">\n<h2 class=\"wp-block-heading\" id=\"history-and-mission\">Historia y misi\u00f3n<\/h2>\n<\/div>\n\n\n\n<div class=\"wp-block-column is-layout-flow wp-block-column-is-layout-flow\" style=\"flex-basis:66.66%\">\n<p>La Asociaci\u00f3n Internacional de Historia Oral se constituy\u00f3 formalmente en junio de 1996 en el IX Congreso Internacional de Historia Oral celebrado en Gotemburgo, Suecia.<\/p>\n\n\n\n<p>La IOHA pretende:<\/p>\n\n\n\n<ul class=\"wp-block-list\">\n<li>Estimular la investigaci\u00f3n que utiliza las t\u00e9cnicas de la historia oral.<\/li>\n\n\n\n<li>Promover el desarrollo de normas y principios para los individuos, instituciones y organismos (tanto p\u00fablicos como privados) que tienen la responsabilidad de la recopilaci\u00f3n y preservaci\u00f3n de la informaci\u00f3n hist\u00f3rica recogida a trav\u00e9s de las t\u00e9cnicas de las historias orales, en todas sus formas.<\/li>\n\n\n\n<li>Fomentar el valor de la historia oral.<\/li>\n<\/ul>\n<\/div>\n<\/div>\n\n\n\n<hr class=\"wp-block-separator has-css-opacity is-style-wide\"\/>\n\n\n\n<div class=\"wp-block-columns is-layout-flex wp-container-core-columns-is-layout-28f84493 wp-block-columns-is-layout-flex\">\n<div class=\"wp-block-column is-layout-flow wp-block-column-is-layout-flow\" style=\"flex-basis:33.33%\">\n<h2 class=\"wp-block-heading\" id=\"our-work\">Nuestro trabajo<\/h2>\n<\/div>\n\n\n\n<div class=\"wp-block-column is-layout-flow wp-block-column-is-layout-flow\" style=\"flex-basis:66.66%\">\n<p>A trav\u00e9s de conferencias internacionales, redes de colaboraci\u00f3n y apoyo a las organizaciones nacionales de historia oral, la IOHA pretende fomentar una mejor comprensi\u00f3n de la naturaleza democr\u00e1tica y el valor de la historia oral en todo el mundo.<\/p>\n\n\n\n<p>La Asociaci\u00f3n se re\u00fane cada dos a\u00f1os en una regi\u00f3n o continente diferente para la <a href=\"https:\/\/ioha.org\/es\/conferencia-ioha\/\">Conferencia Internacional de Historia Oral<\/a>.<\/p>\n\n\n\n<p><em><a href=\"https:\/\/ioha.org\/es\/revista\/\">Words and Silences \/ Palabras y Silencios<\/a><\/em> es la revista de edici\u00f3n digital de la Asociaci\u00f3n Internacional de Historia Oral. Incluye art\u00edculos de una amplia gama de disciplinas y es un medio para que la comunidad profesional comparta proyectos y tendencias actuales de la historia oral de todo el mundo<\/p>\n\n\n\n<p>Las lenguas oficiales de<strong> <\/strong>La IOHA y sus publicaciones son en ingl\u00e9s y espa\u00f1ol.<\/p>\n<\/div>\n<\/div>\n\n\n\n<hr class=\"wp-block-separator has-css-opacity is-style-wide\"\/>\n\n\n\n<div class=\"wp-block-columns is-layout-flex wp-container-core-columns-is-layout-28f84493 wp-block-columns-is-layout-flex\">\n<div class=\"wp-block-column is-layout-flow wp-block-column-is-layout-flow\" style=\"flex-basis:33.33%\">\n<h2 class=\"wp-block-heading\" id=\"leadership-and-governance\">Liderazgo y gobernanza<\/h2>\n<\/div>\n\n\n\n<div class=\"wp-block-column is-layout-flow wp-block-column-is-layout-flow\" style=\"flex-basis:66.66%\">\n<p>La Asociaci\u00f3n Internacional de Historia Oral est\u00e1 dirigida por un Consejo elegido en la Asamblea General del Congreso Internacional de Historia Oral que se celebra cada dos a\u00f1os. <\/p>\n\n\n\n<div class=\"wp-block-buttons is-layout-flex wp-block-buttons-is-layout-flex\">\n<div class=\"wp-block-button is-style-outline is-style-outline--1\"><a class=\"wp-block-button__link wp-element-button\" href=\"https:\/\/ioha.org\/es\/about-us\/consejo\/\">CONSEJO ACTUAL<\/a><\/div>\n<\/div>\n\n\n\n<p><\/p>\n\n\n\n<p><a href=\"https:\/\/ioha.org\/es\/about-us\/consejos-anteriores\/\">Consejos anteriores<\/a><\/p>\n\n\n\n<p><a href=\"https:\/\/ioha.org\/es\/about-us\/ioha-documents\/\">Documentos de gobernanza de la IOHA<\/a><\/p>\n<\/div>\n<\/div>\n\n\n\n<hr class=\"wp-block-separator has-css-opacity is-style-wide\"\/>\n\n\n\n<div class=\"wp-block-columns is-layout-flex wp-container-core-columns-is-layout-28f84493 wp-block-columns-is-layout-flex\">\n<div class=\"wp-block-column is-layout-flow wp-block-column-is-layout-flow\" style=\"flex-basis:33.33%\">\n<h2 class=\"wp-block-heading\" id=\"connect-with-us\">Con\u00e9ctese con nosotros<\/h2>\n<\/div>\n\n\n\n<div class=\"wp-block-column is-layout-flow wp-block-column-is-layout-flow\" style=\"flex-basis:66.66%\">\n<p>La afiliaci\u00f3n a la Asociaci\u00f3n Internacional de Historia Oral est\u00e1 abierta a cualquier persona o instituci\u00f3n que apoye nuestros fines y objetivos. <a href=\"https:\/\/ioha.org\/es\/unete-a-ioha\/\">M\u00e1s informaci\u00f3n sobre c\u00f3mo hacerse socio.<\/a><\/p>\n\n\n\n<p>Por favor, <a href=\"https:\/\/ioha.org\/es\/contactar\/\">contacto con nosotros<\/a> si tiene alguna pregunta sobre la IOHA o la pertenencia a la asociaci\u00f3n.<\/p>\n<\/div>\n<\/div>\n\n\n\n<hr class=\"wp-block-separator has-css-opacity is-style-wide\"\/>\n\n\n\n<div class=\"wp-block-columns is-layout-flex wp-container-core-columns-is-layout-28f84493 wp-block-columns-is-layout-flex\">\n<div class=\"wp-block-column is-layout-flow wp-block-column-is-layout-flow\" style=\"flex-basis:33.33%\">\n<h2 class=\"wp-block-heading\">Pol\u00edtica y procedimientos en materia de acoso<\/h2>\n<\/div>\n\n\n\n<div class=\"wp-block-column is-layout-flow wp-block-column-is-layout-flow\" style=\"flex-basis:66.66%\">\n<p>El documento de Pol\u00edtica y Procedimientos de Acoso de la IOHA resume el compromiso de la organizaci\u00f3n de fomentar un entorno seguro, inclusivo y respetuoso para todos los participantes en sus actividades. Define los comportamientos prohibidos, incluido el acoso sexual y otras formas de acoso, y detalla los procesos de notificaci\u00f3n, investigaci\u00f3n y tratamiento de las denuncias. La IOHA hace hincapi\u00e9 en la educaci\u00f3n y la responsabilidad, garantizando una conducta profesional a trav\u00e9s de recursos accesibles, procedimientos claros y medidas disciplinarias en caso de infracci\u00f3n. <\/p>\n\n\n\n<p><strong>Lea la pol\u00edtica completa<\/strong> (<a href=\"https:\/\/ioha.org\/wp-content\/uploads\/2025\/01\/IOHA-Harassment-Policy-and-Procedures-v.2-2.docx-1.pdf\">Ingl\u00e9s<\/a>, <a href=\"https:\/\/ioha.org\/wp-content\/uploads\/2025\/01\/IOHA-Harassment-Policy-and-Procedures-v.2-SPA.docx-2.pdf\">Espa\u00f1ol<\/a>)<\/p>\n<\/div>\n<\/div>\n\n\n\n<p><\/p>","protected":false},"excerpt":{"rendered":"","protected":false},"author":1,"featured_media":0,"parent":0,"menu_order":0,"comment_status":"closed","ping_status":"closed","template":"","meta":{"_acf_changed":false,"site-sidebar-layout":"default","site-content-layout":"","ast-site-content-layout":"default","site-content-style":"default","site-sidebar-style":"default","ast-global-header-display":"","ast-banner-title-visibility":"","ast-main-header-display":"","ast-hfb-above-header-display":"","ast-hfb-below-header-display":"","ast-hfb-mobile-header-display":"","site-post-title":"disabled","ast-breadcrumbs-content":"","ast-featured-img":"","footer-sml-layout":"","ast-disable-related-posts":"","theme-transparent-header-meta":"","adv-header-id-meta":"","stick-header-meta":"","header-above-stick-meta":"","header-main-stick-meta":"","header-below-stick-meta":"","astra-migrate-meta-layouts":"set","ast-page-background-enabled":"default","ast-page-background-meta":{"desktop":{"background-color":"var(--ast-global-color-4)","background-image":"","background-repeat":"repeat","background-position":"center center","background-size":"auto","background-attachment":"scroll","background-type":"","background-media":"","overlay-type":"","overlay-color":"","overlay-opacity":"","overlay-gradient":""},"tablet":{"background-color":"","background-image":"","background-repeat":"repeat","background-position":"center center","background-size":"auto","background-attachment":"scroll","background-type":"","background-media":"","overlay-type":"","overlay-color":"","overlay-opacity":"","overlay-gradient":""},"mobile":{"background-color":"","background-image":"","background-repeat":"repeat","background-position":"center center","background-size":"auto","background-attachment":"scroll","background-type":"","background-media":"","overlay-type":"","overlay-color":"","overlay-opacity":"","overlay-gradient":""}},"ast-content-background-meta":{"desktop":{"background-color":"var(--ast-global-color-5)","background-image":"","background-repeat":"repeat","background-position":"center center","background-size":"auto","background-attachment":"scroll","background-type":"","background-media":"","overlay-type":"","overlay-color":"","overlay-opacity":"","overlay-gradient":""},"tablet":{"background-color":"var(--ast-global-color-5)","background-image":"","background-repeat":"repeat","background-position":"center center","background-size":"auto","background-attachment":"scroll","background-type":"","background-media":"","overlay-type":"","overlay-color":"","overlay-opacity":"","overlay-gradient":""},"mobile":{"background-color":"var(--ast-global-color-5)","background-image":"","background-repeat":"repeat","background-position":"center center","background-size":"auto","background-attachment":"scroll","background-type":"","background-media":"","overlay-type":"","overlay-color":"","overlay-opacity":"","overlay-gradient":""}},"footnotes":""},"class_list":["post-1117","page","type-page","status-publish","hentry"],"acf":[],"yoast_head":"<!-- This site is optimized with the Yoast SEO plugin v27.3 - https:\/\/yoast.com\/product\/yoast-seo-wordpress\/ -->\n<title>About Us - International Oral History Association<\/title>\n<meta name=\"robots\" content=\"index, follow, max-snippet:-1, max-image-preview:large, max-video-preview:-1\" \/>\n<link rel=\"canonical\" href=\"https:\/\/ioha.org\/es\/sobre\/\" \/>\n<meta property=\"og:locale\" content=\"es_ES\" \/>\n<meta property=\"og:type\" content=\"article\" \/>\n<meta property=\"og:title\" content=\"About Us - International Oral History Association\" \/>\n<meta property=\"og:description\" content=\"About Us The International Oral History Association (IOHA) IOHA is a professional association established to provide a forum for oral historians around the world, and a means for cooperation among those concerned with the documentation of human experience. History and Mission The International Oral History Association was formally constituted in June 1996 at the IXth [&hellip;]\" \/>\n<meta property=\"og:url\" content=\"https:\/\/ioha.org\/es\/sobre\/\" \/>\n<meta property=\"og:site_name\" content=\"International Oral History Association\" \/>\n<meta property=\"article:publisher\" content=\"https:\/\/www.facebook.com\/people\/IOHA-International-Oral-History-Association\/61552554031622\/\" \/>\n<meta property=\"article:modified_time\" content=\"2025-01-18T21:09:47+00:00\" \/>\n<meta property=\"og:image\" content=\"https:\/\/ioha.org\/wp-content\/uploads\/2022\/03\/IOHA-group-Finland-1.png\" \/>\n\t<meta property=\"og:image:width\" content=\"1192\" \/>\n\t<meta property=\"og:image:height\" content=\"857\" \/>\n\t<meta property=\"og:image:type\" content=\"image\/png\" \/>\n<meta name=\"twitter:card\" content=\"summary_large_image\" \/>\n<meta name=\"twitter:label1\" content=\"Tiempo de lectura\" \/>\n\t<meta name=\"twitter:data1\" content=\"2 minutos\" \/>\n<script type=\"application\/ld+json\" class=\"yoast-schema-graph\">{\"@context\":\"https:\\\/\\\/schema.org\",\"@graph\":[{\"@type\":\"WebPage\",\"@id\":\"https:\\\/\\\/ioha.org\\\/about\\\/\",\"url\":\"https:\\\/\\\/ioha.org\\\/about\\\/\",\"name\":\"About Us - International Oral History Association\",\"isPartOf\":{\"@id\":\"https:\\\/\\\/ioha.org\\\/#website\"},\"primaryImageOfPage\":{\"@id\":\"https:\\\/\\\/ioha.org\\\/about\\\/#primaryimage\"},\"image\":{\"@id\":\"https:\\\/\\\/ioha.org\\\/about\\\/#primaryimage\"},\"thumbnailUrl\":\"https:\\\/\\\/ioha.org\\\/wp-content\\\/uploads\\\/2022\\\/03\\\/IOHA-group-Finland-1-1024x736.png\",\"datePublished\":\"2016-09-23T03:06:13+00:00\",\"dateModified\":\"2025-01-18T21:09:47+00:00\",\"breadcrumb\":{\"@id\":\"https:\\\/\\\/ioha.org\\\/about\\\/#breadcrumb\"},\"inLanguage\":\"es\",\"potentialAction\":[{\"@type\":\"ReadAction\",\"target\":[\"https:\\\/\\\/ioha.org\\\/about\\\/\"]}]},{\"@type\":\"ImageObject\",\"inLanguage\":\"es\",\"@id\":\"https:\\\/\\\/ioha.org\\\/about\\\/#primaryimage\",\"url\":\"https:\\\/\\\/ioha.org\\\/wp-content\\\/uploads\\\/2022\\\/03\\\/IOHA-group-Finland-1-1024x736.png\",\"contentUrl\":\"https:\\\/\\\/ioha.org\\\/wp-content\\\/uploads\\\/2022\\\/03\\\/IOHA-group-Finland-1-1024x736.png\"},{\"@type\":\"BreadcrumbList\",\"@id\":\"https:\\\/\\\/ioha.org\\\/about\\\/#breadcrumb\",\"itemListElement\":[{\"@type\":\"ListItem\",\"position\":1,\"name\":\"Home\",\"item\":\"https:\\\/\\\/ioha.org\\\/\"},{\"@type\":\"ListItem\",\"position\":2,\"name\":\"About Us\"}]},{\"@type\":\"WebSite\",\"@id\":\"https:\\\/\\\/ioha.org\\\/#website\",\"url\":\"https:\\\/\\\/ioha.org\\\/\",\"name\":\"International Oral History Association\",\"description\":\"IOHA\",\"publisher\":{\"@id\":\"https:\\\/\\\/ioha.org\\\/#organization\"},\"potentialAction\":[{\"@type\":\"SearchAction\",\"target\":{\"@type\":\"EntryPoint\",\"urlTemplate\":\"https:\\\/\\\/ioha.org\\\/?s={search_term_string}\"},\"query-input\":{\"@type\":\"PropertyValueSpecification\",\"valueRequired\":true,\"valueName\":\"search_term_string\"}}],\"inLanguage\":\"es\"},{\"@type\":\"Organization\",\"@id\":\"https:\\\/\\\/ioha.org\\\/#organization\",\"name\":\"International Oral History Association\",\"alternateName\":\"IOHA\",\"url\":\"https:\\\/\\\/ioha.org\\\/\",\"logo\":{\"@type\":\"ImageObject\",\"inLanguage\":\"es\",\"@id\":\"https:\\\/\\\/ioha.org\\\/#\\\/schema\\\/logo\\\/image\\\/\",\"url\":\"https:\\\/\\\/ioha.org\\\/wp-content\\\/uploads\\\/2022\\\/02\\\/ioha-logo.png\",\"contentUrl\":\"https:\\\/\\\/ioha.org\\\/wp-content\\\/uploads\\\/2022\\\/02\\\/ioha-logo.png\",\"width\":500,\"height\":500,\"caption\":\"International Oral History Association\"},\"image\":{\"@id\":\"https:\\\/\\\/ioha.org\\\/#\\\/schema\\\/logo\\\/image\\\/\"},\"sameAs\":[\"https:\\\/\\\/www.facebook.com\\\/people\\\/IOHA-International-Oral-History-Association\\\/61552554031622\\\/\"]}]}<\/script>\n<!-- \/ Yoast SEO plugin. -->","yoast_head_json":{"title":"Acerca de nosotros - Asociaci\u00f3n Internacional de Historia Oral","robots":{"index":"index","follow":"follow","max-snippet":"max-snippet:-1","max-image-preview":"max-image-preview:large","max-video-preview":"max-video-preview:-1"},"canonical":"https:\/\/ioha.org\/es\/sobre\/","og_locale":"es_ES","og_type":"article","og_title":"About Us - International Oral History Association","og_description":"About Us The International Oral History Association (IOHA) IOHA is a professional association established to provide a forum for oral historians around the world, and a means for cooperation among those concerned with the documentation of human experience. History and Mission The International Oral History Association was formally constituted in June 1996 at the IXth [&hellip;]","og_url":"https:\/\/ioha.org\/es\/sobre\/","og_site_name":"International Oral History Association","article_publisher":"https:\/\/www.facebook.com\/people\/IOHA-International-Oral-History-Association\/61552554031622\/","article_modified_time":"2025-01-18T21:09:47+00:00","og_image":[{"width":1192,"height":857,"url":"https:\/\/ioha.org\/wp-content\/uploads\/2022\/03\/IOHA-group-Finland-1.png","type":"image\/png"}],"twitter_card":"summary_large_image","twitter_misc":{"Tiempo de lectura":"2 minutos"},"schema":{"@context":"https:\/\/schema.org","@graph":[{"@type":"WebPage","@id":"https:\/\/ioha.org\/about\/","url":"https:\/\/ioha.org\/about\/","name":"Acerca de nosotros - Asociaci\u00f3n Internacional de Historia Oral","isPartOf":{"@id":"https:\/\/ioha.org\/#website"},"primaryImageOfPage":{"@id":"https:\/\/ioha.org\/about\/#primaryimage"},"image":{"@id":"https:\/\/ioha.org\/about\/#primaryimage"},"thumbnailUrl":"https:\/\/ioha.org\/wp-content\/uploads\/2022\/03\/IOHA-group-Finland-1-1024x736.png","datePublished":"2016-09-23T03:06:13+00:00","dateModified":"2025-01-18T21:09:47+00:00","breadcrumb":{"@id":"https:\/\/ioha.org\/about\/#breadcrumb"},"inLanguage":"es","potentialAction":[{"@type":"ReadAction","target":["https:\/\/ioha.org\/about\/"]}]},{"@type":"ImageObject","inLanguage":"es","@id":"https:\/\/ioha.org\/about\/#primaryimage","url":"https:\/\/ioha.org\/wp-content\/uploads\/2022\/03\/IOHA-group-Finland-1-1024x736.png","contentUrl":"https:\/\/ioha.org\/wp-content\/uploads\/2022\/03\/IOHA-group-Finland-1-1024x736.png"},{"@type":"BreadcrumbList","@id":"https:\/\/ioha.org\/about\/#breadcrumb","itemListElement":[{"@type":"ListItem","position":1,"name":"Home","item":"https:\/\/ioha.org\/"},{"@type":"ListItem","position":2,"name":"About Us"}]},{"@type":"WebSite","@id":"https:\/\/ioha.org\/#website","url":"https:\/\/ioha.org\/","name":"Asociaci\u00f3n Internacional de Historia Oral","description":"IOHA","publisher":{"@id":"https:\/\/ioha.org\/#organization"},"potentialAction":[{"@type":"SearchAction","target":{"@type":"EntryPoint","urlTemplate":"https:\/\/ioha.org\/?s={search_term_string}"},"query-input":{"@type":"PropertyValueSpecification","valueRequired":true,"valueName":"search_term_string"}}],"inLanguage":"es"},{"@type":"Organization","@id":"https:\/\/ioha.org\/#organization","name":"Asociaci\u00f3n Internacional de Historia Oral","alternateName":"IOHA","url":"https:\/\/ioha.org\/","logo":{"@type":"ImageObject","inLanguage":"es","@id":"https:\/\/ioha.org\/#\/schema\/logo\/image\/","url":"https:\/\/ioha.org\/wp-content\/uploads\/2022\/02\/ioha-logo.png","contentUrl":"https:\/\/ioha.org\/wp-content\/uploads\/2022\/02\/ioha-logo.png","width":500,"height":500,"caption":"International Oral History Association"},"image":{"@id":"https:\/\/ioha.org\/#\/schema\/logo\/image\/"},"sameAs":["https:\/\/www.facebook.com\/people\/IOHA-International-Oral-History-Association\/61552554031622\/"]}]}},"_links":{"self":[{"href":"https:\/\/ioha.org\/es\/wp-json\/wp\/v2\/pages\/1117","targetHints":{"allow":["GET"]}}],"collection":[{"href":"https:\/\/ioha.org\/es\/wp-json\/wp\/v2\/pages"}],"about":[{"href":"https:\/\/ioha.org\/es\/wp-json\/wp\/v2\/types\/page"}],"author":[{"embeddable":true,"href":"https:\/\/ioha.org\/es\/wp-json\/wp\/v2\/users\/1"}],"replies":[{"embeddable":true,"href":"https:\/\/ioha.org\/es\/wp-json\/wp\/v2\/comments?post=1117"}],"version-history":[{"count":4,"href":"https:\/\/ioha.org\/es\/wp-json\/wp\/v2\/pages\/1117\/revisions"}],"predecessor-version":[{"id":4286,"href":"https:\/\/ioha.org\/es\/wp-json\/wp\/v2\/pages\/1117\/revisions\/4286"}],"wp:attachment":[{"href":"https:\/\/ioha.org\/es\/wp-json\/wp\/v2\/media?parent=1117"}],"curies":[{"name":"wp","href":"https:\/\/api.w.org\/{rel}","templated":true}]}}